{"id":118465,"date":"2021-11-17T14:00:47","date_gmt":"2021-11-17T17:00:47","guid":{"rendered":"https:\/\/www.livrariarema.com.br\/loja\/produtos\/sem%20categoria\/comentario-exegetico-levitico-compartilhar-gordon-j-wenham\/"},"modified":"2026-02-20T12:29:34","modified_gmt":"2026-02-20T15:29:34","slug":"comentario-exegetico-levitico-compartilhar-gordon-j-wenham","status":"publish","type":"product","link":"https:\/\/www.livrariarema.com.br\/loja\/produtos\/promocao\/livros-promocao\/comentario-exegetico-levitico-compartilhar-gordon-j-wenham\/","title":{"rendered":"Coment\u00e1rio Exeg\u00e9tico: Lev\u00edtico &#8211; Gordon J. Wenham"},"content":{"rendered":"<p>Neste excelente coment\u00e1rio de Lev\u00edtico (1\u00ba lugar nas mais importantes listas de coment\u00e1rios de Lev\u00edtico), Gordon Wenham trata com igual seriedade tanto o sentido original do texto quanto seu significado teol\u00f3gico perene. No empenho de recuperar o sentido original, Wenham se fundamenta em estudos dos rituais e sacrif\u00edcios do Antigo Testamento que comparam e contrastam os costumes b\u00edblicos com as pr\u00e1ticas de diversas culturas do Oriente Pr\u00f3ximo. Ele tamb\u00e9m examina detidamente a obra de antropologistas sociais e se utiliza, com maestria, de m\u00e9todos da cr\u00edtica liter\u00e1ria para trazer \u00e0 tona os interesses especiais do autor b\u00edblico.<\/p>\n<p>No seu empenho de ressaltar o valor teol\u00f3gico permanente de Lev\u00edtico, Wenham trata, ao final de cada se\u00e7\u00e3o, de como as passagens do Antigo Testamento est\u00e3o relacionadas ao Novo Testamento e ao cristianismo contempor\u00e2neo. Ao faz\u00ea-lo, ele n\u00e3o somente mostra que Lev\u00edtico \u00e9 um livro muito presente no Novo Testamento, mas tamb\u00e9m real\u00e7a de maneira muito pr\u00e1tica o chamado cont\u00ednuo e repetido de Deus \u00e0 santidade na vida dos crist\u00e3os hoje.<\/p>\n","protected":false},"excerpt":{"rendered":"<p>Neste excelente coment\u00e1rio de Lev\u00edtico (1\u00ba lugar nas mais importantes listas de coment\u00e1rios de Lev\u00edtico), Gordon Wenham trata com igual&hellip;<\/p>\n","protected":false},"featured_media":344916,"comment_status":"open","ping_status":"closed","template":"","meta":[],"product_cat":[143,142],"product_tag":[],"_links":{"self":[{"href":"https:\/\/www.livrariarema.com.br\/loja\/wp-json\/wp\/v2\/product\/118465"}],"collection":[{"href":"https:\/\/www.livrariarema.com.br\/loja\/wp-json\/wp\/v2\/product"}],"about":[{"href":"https:\/\/www.livrariarema.com.br\/loja\/wp-json\/wp\/v2\/types\/product"}],"replies":[{"embeddable":true,"href":"https:\/\/www.livrariarema.com.br\/loja\/wp-json\/wp\/v2\/comments?post=118465"}],"wp:featuredmedia":[{"embeddable":true,"href":"https:\/\/www.livrariarema.com.br\/loja\/wp-json\/wp\/v2\/media\/344916"}],"wp:attachment":[{"href":"https:\/\/www.livrariarema.com.br\/loja\/wp-json\/wp\/v2\/media?parent=118465"}],"wp:term":[{"taxonomy":"product_cat","embeddable":true,"href":"https:\/\/www.livrariarema.com.br\/loja\/wp-json\/wp\/v2\/product_cat?post=118465"},{"taxonomy":"product_tag","embeddable":true,"href":"https:\/\/www.livrariarema.com.br\/loja\/wp-json\/wp\/v2\/product_tag?post=118465"}],"curies":[{"name":"wp","href":"https:\/\/api.w.org\/{rel}","templated":true}]}}