{"id":118691,"date":"2021-11-18T11:55:14","date_gmt":"2021-11-18T14:55:14","guid":{"rendered":"https:\/\/www.livrariarema.com.br\/loja\/produtos\/sem%20categoria\/biblia-do-secreto-naa-azul\/"},"modified":"2026-04-22T16:40:32","modified_gmt":"2026-04-22T19:40:32","slug":"biblia-do-secreto-naa-azul","status":"publish","type":"product","link":"https:\/\/www.livrariarema.com.br\/loja\/produtos\/biblias\/nova-almeida-atualizada\/biblia-do-secreto-naa-azul\/","title":{"rendered":"B\u00edblia Do Secreto &#8211; Naa &#8211; Azul"},"content":{"rendered":"<p>A B\u00edblia \u00e9 muito mais que um manual para a nossa vida. Por meio dela, n\u00e3o somente temos acesso aos princ\u00edpios do Senhor, como podemos nos relacionar mais profundamente com Ele. Isso, porque \u00e9 na Sua Palavra que encontramos as verdades mais importantes para O conhecermos e vivermos a Sua vontade, al\u00e9m de in\u00fameros exemplos de pessoas que foram transformadas e capacitadas a mudarem a realidade na qual estavam inseridas. Ainda hoje, Deus usa essas hist\u00f3rias para nos revelar o caminho certo e mostrar o que podemos fazer e ser quando cooperamos com Ele. Dessa forma, recebemos todas as ferramentas que precisamos para cumprir nossa miss\u00e3o como Suas filhas. E isso come\u00e7a quando investimos tempo no nosso Secreto, dedicando-nos \u00e0 leitura da Palavra.<\/p>\n<p>Sendo assim, a B\u00edblia do Secreto foi planejada para que essas poderosas ferramentas cheguem \u00e0s suas m\u00e3os e transformem a sua vida e a de todos ao seu redor. Por isso, conta com 52 devocionais de dez autoras incr\u00edveis que v\u00eam ajudando a desenvolver o Secreto de muitas mulheres por todo o Brasil; um plano anual de leitura e um espa\u00e7o interativo com passos pr\u00e1ticos para aplicar a cada dia. Com o aux\u00edlio dessas reflex\u00f5es, voc\u00ea ser\u00e1 instigada a se aprofundar no seu relacionamento com Deus e vivenciar os sonhos d`Ele para cada momento de sua vida.<\/p>\n<p>AUTORAS:<br \/>\nClara Mendes<br \/>\nEsther Marcos<br \/>\nFernanda Amandio<br \/>\nGabriela Gomes<br \/>\nIsabela Borges<br \/>\nJulia Vitoria<br \/>\nLissa Subir\u00e1<br \/>\nL\u00edvia Bember<br \/>\nRapha Gon\u00e7alves<br \/>\nVitoria Dozzo<\/p>\n","protected":false},"excerpt":{"rendered":"<p>A B\u00edblia \u00e9 muito mais que um manual para a nossa vida. Por meio dela, n\u00e3o somente temos acesso aos&hellip;<\/p>\n","protected":false},"featured_media":311635,"comment_status":"open","ping_status":"closed","template":"","meta":[],"product_cat":[139,174],"product_tag":[],"_links":{"self":[{"href":"https:\/\/www.livrariarema.com.br\/loja\/wp-json\/wp\/v2\/product\/118691"}],"collection":[{"href":"https:\/\/www.livrariarema.com.br\/loja\/wp-json\/wp\/v2\/product"}],"about":[{"href":"https:\/\/www.livrariarema.com.br\/loja\/wp-json\/wp\/v2\/types\/product"}],"replies":[{"embeddable":true,"href":"https:\/\/www.livrariarema.com.br\/loja\/wp-json\/wp\/v2\/comments?post=118691"}],"wp:featuredmedia":[{"embeddable":true,"href":"https:\/\/www.livrariarema.com.br\/loja\/wp-json\/wp\/v2\/media\/311635"}],"wp:attachment":[{"href":"https:\/\/www.livrariarema.com.br\/loja\/wp-json\/wp\/v2\/media?parent=118691"}],"wp:term":[{"taxonomy":"product_cat","embeddable":true,"href":"https:\/\/www.livrariarema.com.br\/loja\/wp-json\/wp\/v2\/product_cat?post=118691"},{"taxonomy":"product_tag","embeddable":true,"href":"https:\/\/www.livrariarema.com.br\/loja\/wp-json\/wp\/v2\/product_tag?post=118691"}],"curies":[{"name":"wp","href":"https:\/\/api.w.org\/{rel}","templated":true}]}}