{"id":119017,"date":"2021-11-19T15:10:34","date_gmt":"2021-11-19T18:10:34","guid":{"rendered":"https:\/\/www.livrariarema.com.br\/loja\/produtos\/sem%20categoria\/be-a-ba-da-biblia-o-terry-glaspey\/"},"modified":"2026-02-10T15:42:14","modified_gmt":"2026-02-10T18:42:14","slug":"be-a-ba-da-biblia-o-terry-glaspey","status":"publish","type":"product","link":"https:\/\/www.livrariarema.com.br\/loja\/produtos\/promocao\/livros-promocao\/be-a-ba-da-biblia-o-terry-glaspey\/","title":{"rendered":"Be-A-Ba Da Biblia, O &#8211; Terry Glaspey"},"content":{"rendered":"<p>Verdades maravilhosas da Palavra de Deus atrav\u00e9s de um m\u00e9todo divertido e curioso, que viabiliza o aprendizado por conta pr\u00f3pria.<\/p>\n<p>Em O b\u00ea-\u00e1-b\u00e1 da B\u00edblia as crian\u00e7as descobrir\u00e3o como todas as hist\u00f3rias da B\u00edblia se juntam em um grande ato de amor e salva\u00e7\u00e3o atrav\u00e9s de Jesus Cristo. Um recurso pr\u00e1tico, eficaz e recreativo para proporcionar conhecimento duradouro e mem\u00f3rias inesquec\u00edveis.<\/p>\n","protected":false},"excerpt":{"rendered":"<p>Verdades maravilhosas da Palavra de Deus atrav\u00e9s de um m\u00e9todo divertido e curioso, que viabiliza o aprendizado por conta pr\u00f3pria.&hellip;<\/p>\n","protected":false},"featured_media":342745,"comment_status":"open","ping_status":"closed","template":"","meta":[],"product_cat":[143,142],"product_tag":[],"_links":{"self":[{"href":"https:\/\/www.livrariarema.com.br\/loja\/wp-json\/wp\/v2\/product\/119017"}],"collection":[{"href":"https:\/\/www.livrariarema.com.br\/loja\/wp-json\/wp\/v2\/product"}],"about":[{"href":"https:\/\/www.livrariarema.com.br\/loja\/wp-json\/wp\/v2\/types\/product"}],"replies":[{"embeddable":true,"href":"https:\/\/www.livrariarema.com.br\/loja\/wp-json\/wp\/v2\/comments?post=119017"}],"wp:featuredmedia":[{"embeddable":true,"href":"https:\/\/www.livrariarema.com.br\/loja\/wp-json\/wp\/v2\/media\/342745"}],"wp:attachment":[{"href":"https:\/\/www.livrariarema.com.br\/loja\/wp-json\/wp\/v2\/media?parent=119017"}],"wp:term":[{"taxonomy":"product_cat","embeddable":true,"href":"https:\/\/www.livrariarema.com.br\/loja\/wp-json\/wp\/v2\/product_cat?post=119017"},{"taxonomy":"product_tag","embeddable":true,"href":"https:\/\/www.livrariarema.com.br\/loja\/wp-json\/wp\/v2\/product_tag?post=119017"}],"curies":[{"name":"wp","href":"https:\/\/api.w.org\/{rel}","templated":true}]}}