{"id":119083,"date":"2021-11-19T15:47:44","date_gmt":"2021-11-19T18:47:44","guid":{"rendered":"https:\/\/www.livrariarema.com.br\/loja\/produtos\/sem%20categoria\/biblia-da-mulher-que-ora-expandida-roxa\/"},"modified":"2025-07-30T13:50:34","modified_gmt":"2025-07-30T16:50:34","slug":"biblia-da-mulher-que-ora-expandida-roxa","status":"publish","type":"product","link":"https:\/\/www.livrariarema.com.br\/loja\/produtos\/biblias\/estudo-feminina\/biblia-da-mulher-que-ora-expandida-roxa\/","title":{"rendered":"B\u00edblia Da Mulher Que Ora &#8211; Expandida &#8211; Roxa"},"content":{"rendered":"<p>Ela est\u00e1 de volta em edi\u00e7\u00e3o expandida, com novos recursos e lind\u00edssima!<\/p>\n<p>A B\u00edblia da mulher que ora &#8211; Expandida \u00e9 uma verdadeira aliada para os momentos de ora\u00e7\u00e3o e comunh\u00e3o com o Senhor. Com texto b\u00edblico na \u00edntegra, numa linguagem gostosa de ler e f\u00e1cil de entender, e repleta de ensinamentos compartilhados por Stormie Omartian, autoridade internacional em assuntos relacionados \u00e0 ora\u00e7\u00e3o e \u00e0 edifica\u00e7\u00e3o de mulheres, a obra traz um conjunto de recursos que ajudar\u00e3o a leitora a intensificar sua vida de ora\u00e7\u00e3o e a ir a um novo patamar de compreens\u00e3o e aplica\u00e7\u00e3o da palavra de Deus.<\/p>\n","protected":false},"excerpt":{"rendered":"<p>Ela est\u00e1 de volta em edi\u00e7\u00e3o expandida, com novos recursos e lind\u00edssima! A B\u00edblia da mulher que ora &#8211; Expandida&hellip;<\/p>\n","protected":false},"featured_media":327949,"comment_status":"open","ping_status":"closed","template":"","meta":[],"product_cat":[139,175],"product_tag":[],"_links":{"self":[{"href":"https:\/\/www.livrariarema.com.br\/loja\/wp-json\/wp\/v2\/product\/119083"}],"collection":[{"href":"https:\/\/www.livrariarema.com.br\/loja\/wp-json\/wp\/v2\/product"}],"about":[{"href":"https:\/\/www.livrariarema.com.br\/loja\/wp-json\/wp\/v2\/types\/product"}],"replies":[{"embeddable":true,"href":"https:\/\/www.livrariarema.com.br\/loja\/wp-json\/wp\/v2\/comments?post=119083"}],"wp:featuredmedia":[{"embeddable":true,"href":"https:\/\/www.livrariarema.com.br\/loja\/wp-json\/wp\/v2\/media\/327949"}],"wp:attachment":[{"href":"https:\/\/www.livrariarema.com.br\/loja\/wp-json\/wp\/v2\/media?parent=119083"}],"wp:term":[{"taxonomy":"product_cat","embeddable":true,"href":"https:\/\/www.livrariarema.com.br\/loja\/wp-json\/wp\/v2\/product_cat?post=119083"},{"taxonomy":"product_tag","embeddable":true,"href":"https:\/\/www.livrariarema.com.br\/loja\/wp-json\/wp\/v2\/product_tag?post=119083"}],"curies":[{"name":"wp","href":"https:\/\/api.w.org\/{rel}","templated":true}]}}