{"id":119260,"date":"2021-11-19T17:02:01","date_gmt":"2021-11-19T20:02:01","guid":{"rendered":"https:\/\/www.livrariarema.com.br\/loja\/produtos\/sem%20categoria\/comunicacao-e-intimidade-gary-chapman\/"},"modified":"2026-04-06T16:00:35","modified_gmt":"2026-04-06T19:00:35","slug":"comunicacao-e-intimidade-gary-chapman","status":"publish","type":"product","link":"https:\/\/www.livrariarema.com.br\/loja\/produtos\/livros\/casamento\/comunicacao-e-intimidade-gary-chapman\/","title":{"rendered":"Comunica\u00e7\u00e3o E Intimidade &#8211; Gary Chapman"},"content":{"rendered":"<p>Mulheres que desejam viver a vida a dois com plenitude, afinidade e jovialidade, tornando o conv\u00edvio di\u00e1rio prazeroso e enriquecedor para ambos.<\/p>\n<p>Com especial habilidade para tocar nas feridas que precisam ser tocadas, a fim de que haja cura, o autor foge de abordagens te\u00f3ricas e impratic\u00e1veis e trabalha quest\u00f5es cruciais para a solu\u00e7\u00e3o de dissabores que afetam a sa\u00fade do casamento.<\/p>\n<p>Comunica\u00e7\u00e3o &amp; Intimidade \u00e9 um livro para a vida real, sem maquiagens ou artificialidades, para quem reconhece suas fraquezas e caprichos, mas deseja super\u00e1-los para ser e fazer o c\u00f4njuge feliz.<\/p>\n","protected":false},"excerpt":{"rendered":"<p>Mulheres que desejam viver a vida a dois com plenitude, afinidade e jovialidade, tornando o conv\u00edvio di\u00e1rio prazeroso e enriquecedor&hellip;<\/p>\n","protected":false},"featured_media":339452,"comment_status":"open","ping_status":"closed","template":"","meta":[],"product_cat":[155,134],"product_tag":[],"_links":{"self":[{"href":"https:\/\/www.livrariarema.com.br\/loja\/wp-json\/wp\/v2\/product\/119260"}],"collection":[{"href":"https:\/\/www.livrariarema.com.br\/loja\/wp-json\/wp\/v2\/product"}],"about":[{"href":"https:\/\/www.livrariarema.com.br\/loja\/wp-json\/wp\/v2\/types\/product"}],"replies":[{"embeddable":true,"href":"https:\/\/www.livrariarema.com.br\/loja\/wp-json\/wp\/v2\/comments?post=119260"}],"wp:featuredmedia":[{"embeddable":true,"href":"https:\/\/www.livrariarema.com.br\/loja\/wp-json\/wp\/v2\/media\/339452"}],"wp:attachment":[{"href":"https:\/\/www.livrariarema.com.br\/loja\/wp-json\/wp\/v2\/media?parent=119260"}],"wp:term":[{"taxonomy":"product_cat","embeddable":true,"href":"https:\/\/www.livrariarema.com.br\/loja\/wp-json\/wp\/v2\/product_cat?post=119260"},{"taxonomy":"product_tag","embeddable":true,"href":"https:\/\/www.livrariarema.com.br\/loja\/wp-json\/wp\/v2\/product_tag?post=119260"}],"curies":[{"name":"wp","href":"https:\/\/api.w.org\/{rel}","templated":true}]}}