{"id":119706,"date":"2021-11-22T14:09:58","date_gmt":"2021-11-22T17:09:58","guid":{"rendered":"https:\/\/www.livrariarema.com.br\/loja\/produtos\/sem%20categoria\/livro-de-banho-patrulha-canina-brincadeiras-e-diversoes\/"},"modified":"2022-11-04T10:45:02","modified_gmt":"2022-11-04T13:45:02","slug":"livro-de-banho-patrulha-canina-brincadeiras-e-diversoes","status":"publish","type":"product","link":"https:\/\/www.livrariarema.com.br\/loja\/produtos\/livros\/infantil\/livro-de-banho-patrulha-canina-brincadeiras-e-diversoes\/","title":{"rendered":"Livro De Banho &#8211; Patrulha Canina &#8211; Brincadeiras E Divers\u00f5es"},"content":{"rendered":"<p>Quando n\u00e3o est\u00e3o em um resgate, os filhotes da Patrulha Canina adoram brincar! Divirta-se e aprenda algumas palavras novas.<\/p>\n","protected":false},"excerpt":{"rendered":"<p>Quando n\u00e3o est\u00e3o em um resgate, os filhotes da Patrulha Canina adoram brincar! Divirta-se e aprenda algumas palavras novas.<\/p>\n","protected":false},"featured_media":194186,"comment_status":"open","ping_status":"closed","template":"","meta":[],"product_cat":[144,134],"product_tag":[],"_links":{"self":[{"href":"https:\/\/www.livrariarema.com.br\/loja\/wp-json\/wp\/v2\/product\/119706"}],"collection":[{"href":"https:\/\/www.livrariarema.com.br\/loja\/wp-json\/wp\/v2\/product"}],"about":[{"href":"https:\/\/www.livrariarema.com.br\/loja\/wp-json\/wp\/v2\/types\/product"}],"replies":[{"embeddable":true,"href":"https:\/\/www.livrariarema.com.br\/loja\/wp-json\/wp\/v2\/comments?post=119706"}],"wp:featuredmedia":[{"embeddable":true,"href":"https:\/\/www.livrariarema.com.br\/loja\/wp-json\/wp\/v2\/media\/194186"}],"wp:attachment":[{"href":"https:\/\/www.livrariarema.com.br\/loja\/wp-json\/wp\/v2\/media?parent=119706"}],"wp:term":[{"taxonomy":"product_cat","embeddable":true,"href":"https:\/\/www.livrariarema.com.br\/loja\/wp-json\/wp\/v2\/product_cat?post=119706"},{"taxonomy":"product_tag","embeddable":true,"href":"https:\/\/www.livrariarema.com.br\/loja\/wp-json\/wp\/v2\/product_tag?post=119706"}],"curies":[{"name":"wp","href":"https:\/\/api.w.org\/{rel}","templated":true}]}}