{"id":119750,"date":"2021-11-22T16:03:17","date_gmt":"2021-11-22T19:03:17","guid":{"rendered":"https:\/\/www.livrariarema.com.br\/loja\/produtos\/sem%20categoria\/recortado-davi-e-golias\/"},"modified":"2026-02-28T11:38:03","modified_gmt":"2026-02-28T14:38:03","slug":"recortado-davi-e-golias","status":"publish","type":"product","link":"https:\/\/www.livrariarema.com.br\/loja\/produtos\/livros\/infantil\/recortado-davi-e-golias\/","title":{"rendered":"Recortado &#8211; Davi E Golias"},"content":{"rendered":"<p>Davi era um jovem pastor de ovelhas que decidiu lutar em uma batalha para defender seu povo. Apesar das condi\u00e7\u00f5es desfavor\u00e1veis, mostrou que, com a ajuda de Deus, \u00e9 poss\u00edvel vencer grandes batalhas&#8230;<\/p>\n","protected":false},"excerpt":{"rendered":"<p>Davi era um jovem pastor de ovelhas que decidiu lutar em uma batalha para defender seu povo. Apesar das condi\u00e7\u00f5es&hellip;<\/p>\n","protected":false},"featured_media":319009,"comment_status":"open","ping_status":"closed","template":"","meta":[],"product_cat":[144,134],"product_tag":[],"_links":{"self":[{"href":"https:\/\/www.livrariarema.com.br\/loja\/wp-json\/wp\/v2\/product\/119750"}],"collection":[{"href":"https:\/\/www.livrariarema.com.br\/loja\/wp-json\/wp\/v2\/product"}],"about":[{"href":"https:\/\/www.livrariarema.com.br\/loja\/wp-json\/wp\/v2\/types\/product"}],"replies":[{"embeddable":true,"href":"https:\/\/www.livrariarema.com.br\/loja\/wp-json\/wp\/v2\/comments?post=119750"}],"wp:featuredmedia":[{"embeddable":true,"href":"https:\/\/www.livrariarema.com.br\/loja\/wp-json\/wp\/v2\/media\/319009"}],"wp:attachment":[{"href":"https:\/\/www.livrariarema.com.br\/loja\/wp-json\/wp\/v2\/media?parent=119750"}],"wp:term":[{"taxonomy":"product_cat","embeddable":true,"href":"https:\/\/www.livrariarema.com.br\/loja\/wp-json\/wp\/v2\/product_cat?post=119750"},{"taxonomy":"product_tag","embeddable":true,"href":"https:\/\/www.livrariarema.com.br\/loja\/wp-json\/wp\/v2\/product_tag?post=119750"}],"curies":[{"name":"wp","href":"https:\/\/api.w.org\/{rel}","templated":true}]}}