{"id":119752,"date":"2021-11-22T16:03:22","date_gmt":"2021-11-22T19:03:22","guid":{"rendered":"https:\/\/www.livrariarema.com.br\/loja\/produtos\/sem%20categoria\/recortado-nascimento-de-jesus\/"},"modified":"2026-02-28T11:37:56","modified_gmt":"2026-02-28T14:37:56","slug":"recortado-nascimento-de-jesus","status":"publish","type":"product","link":"https:\/\/www.livrariarema.com.br\/loja\/produtos\/livros\/infantil\/recortado-nascimento-de-jesus\/","title":{"rendered":"Recortado &#8211; Nascimento De Jesus"},"content":{"rendered":"<p>Maria e Jos\u00e9 tiveram de seguir para Bel\u00e9m, e l\u00e1, em uma noite fria e em um lugar muito simples, nasceu Jesus, o Salvador. Leia esta linda hist\u00f3ria de f\u00e9 e esperan\u00e7a!<\/p>\n","protected":false},"excerpt":{"rendered":"<p>Maria e Jos\u00e9 tiveram de seguir para Bel\u00e9m, e l\u00e1, em uma noite fria e em um lugar muito simples,&hellip;<\/p>\n","protected":false},"featured_media":288921,"comment_status":"open","ping_status":"closed","template":"","meta":[],"product_cat":[144,134],"product_tag":[],"_links":{"self":[{"href":"https:\/\/www.livrariarema.com.br\/loja\/wp-json\/wp\/v2\/product\/119752"}],"collection":[{"href":"https:\/\/www.livrariarema.com.br\/loja\/wp-json\/wp\/v2\/product"}],"about":[{"href":"https:\/\/www.livrariarema.com.br\/loja\/wp-json\/wp\/v2\/types\/product"}],"replies":[{"embeddable":true,"href":"https:\/\/www.livrariarema.com.br\/loja\/wp-json\/wp\/v2\/comments?post=119752"}],"wp:featuredmedia":[{"embeddable":true,"href":"https:\/\/www.livrariarema.com.br\/loja\/wp-json\/wp\/v2\/media\/288921"}],"wp:attachment":[{"href":"https:\/\/www.livrariarema.com.br\/loja\/wp-json\/wp\/v2\/media?parent=119752"}],"wp:term":[{"taxonomy":"product_cat","embeddable":true,"href":"https:\/\/www.livrariarema.com.br\/loja\/wp-json\/wp\/v2\/product_cat?post=119752"},{"taxonomy":"product_tag","embeddable":true,"href":"https:\/\/www.livrariarema.com.br\/loja\/wp-json\/wp\/v2\/product_tag?post=119752"}],"curies":[{"name":"wp","href":"https:\/\/api.w.org\/{rel}","templated":true}]}}