{"id":119754,"date":"2021-11-22T16:03:26","date_gmt":"2021-11-22T19:03:26","guid":{"rendered":"https:\/\/www.livrariarema.com.br\/loja\/produtos\/sem%20categoria\/recortado-a-arca-de-noe\/"},"modified":"2026-03-12T18:41:35","modified_gmt":"2026-03-12T21:41:35","slug":"recortado-a-arca-de-noe","status":"publish","type":"product","link":"https:\/\/www.livrariarema.com.br\/loja\/produtos\/livros\/infantil\/recortado-a-arca-de-noe\/","title":{"rendered":"Recortado &#8211; A Arca De No\u00e9"},"content":{"rendered":"<p>Certo dia, um bondoso homem chamado No\u00e9 recebeu um aviso dos c\u00e9us: ele deveria construir uma imensa arca. Qual ser\u00e1 o motivo? Leia esta linda hist\u00f3ria para descobrir!<\/p>\n","protected":false},"excerpt":{"rendered":"<p>Certo dia, um bondoso homem chamado No\u00e9 recebeu um aviso dos c\u00e9us: ele deveria construir uma imensa arca. Qual ser\u00e1&hellip;<\/p>\n","protected":false},"featured_media":299052,"comment_status":"open","ping_status":"closed","template":"","meta":[],"product_cat":[144,134],"product_tag":[],"_links":{"self":[{"href":"https:\/\/www.livrariarema.com.br\/loja\/wp-json\/wp\/v2\/product\/119754"}],"collection":[{"href":"https:\/\/www.livrariarema.com.br\/loja\/wp-json\/wp\/v2\/product"}],"about":[{"href":"https:\/\/www.livrariarema.com.br\/loja\/wp-json\/wp\/v2\/types\/product"}],"replies":[{"embeddable":true,"href":"https:\/\/www.livrariarema.com.br\/loja\/wp-json\/wp\/v2\/comments?post=119754"}],"wp:featuredmedia":[{"embeddable":true,"href":"https:\/\/www.livrariarema.com.br\/loja\/wp-json\/wp\/v2\/media\/299052"}],"wp:attachment":[{"href":"https:\/\/www.livrariarema.com.br\/loja\/wp-json\/wp\/v2\/media?parent=119754"}],"wp:term":[{"taxonomy":"product_cat","embeddable":true,"href":"https:\/\/www.livrariarema.com.br\/loja\/wp-json\/wp\/v2\/product_cat?post=119754"},{"taxonomy":"product_tag","embeddable":true,"href":"https:\/\/www.livrariarema.com.br\/loja\/wp-json\/wp\/v2\/product_tag?post=119754"}],"curies":[{"name":"wp","href":"https:\/\/api.w.org\/{rel}","templated":true}]}}