{"id":119764,"date":"2021-11-22T16:03:52","date_gmt":"2021-11-22T19:03:52","guid":{"rendered":"https:\/\/www.livrariarema.com.br\/loja\/produtos\/sem%20categoria\/heidi-johanna-spyri-2\/"},"modified":"2026-04-01T14:31:52","modified_gmt":"2026-04-01T17:31:52","slug":"heidi-johanna-spyri-2","status":"publish","type":"product","link":"https:\/\/www.livrariarema.com.br\/loja\/produtos\/livros\/juvenil\/heidi-johanna-spyri-2\/","title":{"rendered":"Heidi &#8211; Johanna Spyri"},"content":{"rendered":"<p>A pequena \u00f3rf\u00e3 Heidi vai morar no alto dos Alpes com o av\u00f4 e traz felicidade a todos que a conhecem na montanha. Quando \u00e9 levada pela tia para Frankfurt sua alegria se esvai, pois tudo o que ela mais deseja \u00e9 poder voltar para as montanhas e correr pelos prados, encontrar seu amigo Peter e viver para sempre com seu amado av\u00f4. Um texto incr\u00edvel de Johanna Spyri, com seu estilo de escrita simples, encantador, que cativa desde a primeira p\u00e1gina.<\/p>\n","protected":false},"excerpt":{"rendered":"<p>A pequena \u00f3rf\u00e3 Heidi vai morar no alto dos Alpes com o av\u00f4 e traz felicidade a todos que a&hellip;<\/p>\n","protected":false},"featured_media":341320,"comment_status":"open","ping_status":"closed","template":"","meta":[],"product_cat":[184,134],"product_tag":[],"_links":{"self":[{"href":"https:\/\/www.livrariarema.com.br\/loja\/wp-json\/wp\/v2\/product\/119764"}],"collection":[{"href":"https:\/\/www.livrariarema.com.br\/loja\/wp-json\/wp\/v2\/product"}],"about":[{"href":"https:\/\/www.livrariarema.com.br\/loja\/wp-json\/wp\/v2\/types\/product"}],"replies":[{"embeddable":true,"href":"https:\/\/www.livrariarema.com.br\/loja\/wp-json\/wp\/v2\/comments?post=119764"}],"wp:featuredmedia":[{"embeddable":true,"href":"https:\/\/www.livrariarema.com.br\/loja\/wp-json\/wp\/v2\/media\/341320"}],"wp:attachment":[{"href":"https:\/\/www.livrariarema.com.br\/loja\/wp-json\/wp\/v2\/media?parent=119764"}],"wp:term":[{"taxonomy":"product_cat","embeddable":true,"href":"https:\/\/www.livrariarema.com.br\/loja\/wp-json\/wp\/v2\/product_cat?post=119764"},{"taxonomy":"product_tag","embeddable":true,"href":"https:\/\/www.livrariarema.com.br\/loja\/wp-json\/wp\/v2\/product_tag?post=119764"}],"curies":[{"name":"wp","href":"https:\/\/api.w.org\/{rel}","templated":true}]}}