{"id":120200,"date":"2021-11-24T10:16:23","date_gmt":"2021-11-24T13:16:23","guid":{"rendered":"https:\/\/www.livrariarema.com.br\/loja\/produtos\/sem%20categoria\/biblia-de-estudo-integrada-azul-e-grafite\/"},"modified":"2026-02-19T12:35:32","modified_gmt":"2026-02-19T15:35:32","slug":"biblia-de-estudo-integrada-azul-e-grafite","status":"publish","type":"product","link":"https:\/\/www.livrariarema.com.br\/loja\/produtos\/biblias\/estudo\/biblia-de-estudo-integrada-azul-e-grafite\/","title":{"rendered":"Biblia De Estudo Integrada &#8211; Azul E Grafite"},"content":{"rendered":"<p>Se voc\u00ea est\u00e1 acostumado a ler a B\u00edblia na ordem tradicional, vai se surpreender positivamente com a B\u00edblia de estudo Integrada (BEI). Ela \u00e9 muito diferente de tudo o que voc\u00ea j\u00e1 viu. A BEI \u00e9 uma poderosa ferramenta de estudo comparativo e anal\u00edtico das Escrituras. O grande foco n\u00e3o est\u00e1 em coment\u00e1rios, mas na disposi\u00e7\u00e3o inovadora do pr\u00f3prio texto b\u00edblico, que se encontra no formato cronol\u00f3gico dos acontecimentos e disp\u00f5e todas as passagens paralelas lado a lado, apresentando uma vis\u00e3o panor\u00e2mica do conte\u00fado da Palavra de Deus. \u00c9 como se a B\u00edblia pudesse ser lida em &#8220;tempo real&#8221;, do come\u00e7o ao fim. Ela \u00e9 integrada porque interliga todas as passagens semelhantes, de G\u00eanesis a Apocalipse, numa leitura que estabelece a harmonia das Escrituras. Por exemplo, ao ler hist\u00f3rias sobre Davi, o leitor ver\u00e1 n\u00e3o apenas o paralelismo entre Samuel, Reis e Cr\u00f4nicas, mas tamb\u00e9m com Salmos. Tudo interconectado. Toda a hist\u00f3ria vista num s\u00f3 relance.<\/p>\n<p>Recursos:<br \/>\nO texto completo da tradu\u00e7\u00e3o da NVI com a ordem dos acontecimentos organizados cronologicamente.<br \/>\nPassagens paralelas ou relacionadas dispostas lado a lado em colunas.<br \/>\nIntrodu\u00e7\u00f5es tendo como base os grandes blocos cronol\u00f3gicos, como &#8220;Da cria\u00e7\u00e3o aos patriarcas e do \u00eaxodo \u00e0 conquista da terra prometida&#8221;, &#8220;Da conquista ao reino unificado&#8221;, &#8220;Reino dividido e ex\u00edlio&#8221;, &#8220;Retorno \u00e0 terra&#8221;, &#8220;Avida de Jesus&#8221; e &#8220;A igreja primitiva&#8221;.<br \/>\nGr\u00e1ficos e tabelas que auxiliam a fixar as datas e a ordem cronol\u00f3gica dos eventos.<br \/>\nUm \u00edndice de textos b\u00edblicos que facilita encontrar as passagens espalhadas ao longo da disposi\u00e7\u00e3o paralela e cronol\u00f3gica.<\/p>\n","protected":false},"excerpt":{"rendered":"<p>Se voc\u00ea est\u00e1 acostumado a ler a B\u00edblia na ordem tradicional, vai se surpreender positivamente com a B\u00edblia de estudo&hellip;<\/p>\n","protected":false},"featured_media":330616,"comment_status":"open","ping_status":"closed","template":"","meta":[],"product_cat":[139,140],"product_tag":[],"_links":{"self":[{"href":"https:\/\/www.livrariarema.com.br\/loja\/wp-json\/wp\/v2\/product\/120200"}],"collection":[{"href":"https:\/\/www.livrariarema.com.br\/loja\/wp-json\/wp\/v2\/product"}],"about":[{"href":"https:\/\/www.livrariarema.com.br\/loja\/wp-json\/wp\/v2\/types\/product"}],"replies":[{"embeddable":true,"href":"https:\/\/www.livrariarema.com.br\/loja\/wp-json\/wp\/v2\/comments?post=120200"}],"wp:featuredmedia":[{"embeddable":true,"href":"https:\/\/www.livrariarema.com.br\/loja\/wp-json\/wp\/v2\/media\/330616"}],"wp:attachment":[{"href":"https:\/\/www.livrariarema.com.br\/loja\/wp-json\/wp\/v2\/media?parent=120200"}],"wp:term":[{"taxonomy":"product_cat","embeddable":true,"href":"https:\/\/www.livrariarema.com.br\/loja\/wp-json\/wp\/v2\/product_cat?post=120200"},{"taxonomy":"product_tag","embeddable":true,"href":"https:\/\/www.livrariarema.com.br\/loja\/wp-json\/wp\/v2\/product_tag?post=120200"}],"curies":[{"name":"wp","href":"https:\/\/api.w.org\/{rel}","templated":true}]}}