{"id":120204,"date":"2021-11-24T10:16:32","date_gmt":"2021-11-24T13:16:32","guid":{"rendered":"https:\/\/www.livrariarema.com.br\/loja\/produtos\/sem%20categoria\/ate-que-tenhamos-rostos-c-s-lewis-2\/"},"modified":"2026-01-28T14:58:11","modified_gmt":"2026-01-28T17:58:11","slug":"ate-que-tenhamos-rostos-c-s-lewis-2","status":"publish","type":"product","link":"https:\/\/www.livrariarema.com.br\/loja\/produtos\/livros\/vida-crista\/ate-que-tenhamos-rostos-c-s-lewis-2\/","title":{"rendered":"Ate Que Tenhamos Rostos &#8211; C. S. Lewis"},"content":{"rendered":"<p>Neste livro C. S. Lewis, com seu brilhantismo caracter\u00edstico, realiza uma releitura da famosa hist\u00f3ria do Cupido deus imortal e Psique humana que, de t\u00e3o bela, atrai o desejo e a inveja dos deuses. Escrito perto do fim de sua carreira liter\u00e1ria, o livro \u00e9 a demonstra\u00e7\u00e3o da maestria de Lewis na arte da composi\u00e7\u00e3o, contendo uma intrincada narrativa que versa sobre a inveja, a culpa e o luto. Tra\u00e7o comum em suas obras, o autor n\u00e3o se restringe a utilizar as palavras como espelho, onde o leitor reconhece a natureza humana e sua falibilidade, mas, transcendendo, aponta para algo al\u00e9m de n\u00f3s mesmos, atrav\u00e9s de profundas reflex\u00f5es acerca do papel que o divino exerce em nossas vidas. Esta \u00e9, para muitos, a melhor e mais madura obra de um dos g\u00eanios da literatura.<\/p>\n","protected":false},"excerpt":{"rendered":"<p>Neste livro C. S. Lewis, com seu brilhantismo caracter\u00edstico, realiza uma releitura da famosa hist\u00f3ria do Cupido deus imortal e&hellip;<\/p>\n","protected":false},"featured_media":343370,"comment_status":"open","ping_status":"closed","template":"","meta":[],"product_cat":[134,137],"product_tag":[],"_links":{"self":[{"href":"https:\/\/www.livrariarema.com.br\/loja\/wp-json\/wp\/v2\/product\/120204"}],"collection":[{"href":"https:\/\/www.livrariarema.com.br\/loja\/wp-json\/wp\/v2\/product"}],"about":[{"href":"https:\/\/www.livrariarema.com.br\/loja\/wp-json\/wp\/v2\/types\/product"}],"replies":[{"embeddable":true,"href":"https:\/\/www.livrariarema.com.br\/loja\/wp-json\/wp\/v2\/comments?post=120204"}],"wp:featuredmedia":[{"embeddable":true,"href":"https:\/\/www.livrariarema.com.br\/loja\/wp-json\/wp\/v2\/media\/343370"}],"wp:attachment":[{"href":"https:\/\/www.livrariarema.com.br\/loja\/wp-json\/wp\/v2\/media?parent=120204"}],"wp:term":[{"taxonomy":"product_cat","embeddable":true,"href":"https:\/\/www.livrariarema.com.br\/loja\/wp-json\/wp\/v2\/product_cat?post=120204"},{"taxonomy":"product_tag","embeddable":true,"href":"https:\/\/www.livrariarema.com.br\/loja\/wp-json\/wp\/v2\/product_tag?post=120204"}],"curies":[{"name":"wp","href":"https:\/\/api.w.org\/{rel}","templated":true}]}}