{"id":120229,"date":"2021-11-24T10:18:39","date_gmt":"2021-11-24T13:18:39","guid":{"rendered":"https:\/\/www.livrariarema.com.br\/loja\/produtos\/sem%20categoria\/arte-de-formar-lideres-a-john-c-maxwell\/"},"modified":"2026-02-25T16:16:48","modified_gmt":"2026-02-25T19:16:48","slug":"arte-de-formar-lideres-a-john-c-maxwell","status":"publish","type":"product","link":"https:\/\/www.livrariarema.com.br\/loja\/produtos\/livros\/lideranca\/arte-de-formar-lideres-a-john-c-maxwell\/","title":{"rendered":"Arte De Formar Lideres, A &#8211; John C. Maxwell"},"content":{"rendered":"<p>Ser\u00e1 que sou um l\u00edder t\u00e3o bom o suficiente capaz de desenvolver outros l\u00edderes ao meu redor?<\/p>\n<p>Esta deveria ser a primeira pergunta que toda pessoa em posi\u00e7\u00e3o de lideran\u00e7a ou ascend\u00eancia deveria se fazer, segundo o especialista que se tornou refer\u00eancia mundial no assunto: John C. Maxwell, fiel defensor da teoria de que o sucesso de qualquer organiza\u00e7\u00e3o depende 100% do desenvolvimento dessa habilidade.<\/p>\n<p>As pessoas podem crescer, desenvolver-se e tornar-se mais eficientes se tiverem um l\u00edder que compreenda seu valor potencial&#8221;, afirma John C. Maxwell.<\/p>\n<p>Neste livro: A Arte de Formar L\u00edderes &#8211; publicado anteriormente como Desenvolvendo l\u00edderes em sua equipe de trabalho &#8211; John C. Maxwell fornece tanto inspira\u00e7\u00e3o quanto orienta\u00e7\u00e3o pr\u00e1tica para l\u00edderes que est\u00e3o comprometidos em formar outras pessoas capazes de assumir as responsabilidades de um cargo de comando.<\/p>\n<p>Ele oferece hist\u00f3rias cheias de bom humor, testes de avalia\u00e7\u00e3o, gr\u00e1ficos e analogias esportivas para transmitir ensinamentos valiosos. Juntas, todas essas ferramentas ajudam a desenvolver l\u00edderes \u00e0 sua volta&#8230; e fortalecer o l\u00edder que existe dentro de voc\u00ea.<\/p>\n<p>Sobre o autor:<\/p>\n<p>John C. Maxwell \u00e9 um dos maiores especialistas em lideran\u00e7a do mundo tamb\u00e9m um empres\u00e1rio ousado, autor de sucesso e palestrante din\u00e2mico, cultiva um extenso grupo de seguidores entre os mais respeitados e influentes l\u00edderes empresariais de todo mundo.<\/p>\n","protected":false},"excerpt":{"rendered":"<p>Ser\u00e1 que sou um l\u00edder t\u00e3o bom o suficiente capaz de desenvolver outros l\u00edderes ao meu redor? Esta deveria ser&hellip;<\/p>\n","protected":false},"featured_media":345464,"comment_status":"open","ping_status":"closed","template":"","meta":[],"product_cat":[153,134],"product_tag":[],"_links":{"self":[{"href":"https:\/\/www.livrariarema.com.br\/loja\/wp-json\/wp\/v2\/product\/120229"}],"collection":[{"href":"https:\/\/www.livrariarema.com.br\/loja\/wp-json\/wp\/v2\/product"}],"about":[{"href":"https:\/\/www.livrariarema.com.br\/loja\/wp-json\/wp\/v2\/types\/product"}],"replies":[{"embeddable":true,"href":"https:\/\/www.livrariarema.com.br\/loja\/wp-json\/wp\/v2\/comments?post=120229"}],"wp:featuredmedia":[{"embeddable":true,"href":"https:\/\/www.livrariarema.com.br\/loja\/wp-json\/wp\/v2\/media\/345464"}],"wp:attachment":[{"href":"https:\/\/www.livrariarema.com.br\/loja\/wp-json\/wp\/v2\/media?parent=120229"}],"wp:term":[{"taxonomy":"product_cat","embeddable":true,"href":"https:\/\/www.livrariarema.com.br\/loja\/wp-json\/wp\/v2\/product_cat?post=120229"},{"taxonomy":"product_tag","embeddable":true,"href":"https:\/\/www.livrariarema.com.br\/loja\/wp-json\/wp\/v2\/product_tag?post=120229"}],"curies":[{"name":"wp","href":"https:\/\/api.w.org\/{rel}","templated":true}]}}