{"id":120279,"date":"2021-11-24T14:02:58","date_gmt":"2021-11-24T17:02:58","guid":{"rendered":"https:\/\/www.livrariarema.com.br\/loja\/produtos\/sem%20categoria\/box-atos-hebreus-cartas-e-apocalipse-para-todos-n-t-wright\/"},"modified":"2026-04-20T13:00:27","modified_gmt":"2026-04-20T16:00:27","slug":"box-atos-hebreus-cartas-e-apocalipse-para-todos-n-t-wright","status":"publish","type":"product","link":"https:\/\/www.livrariarema.com.br\/loja\/produtos\/livros\/estudo-biblico\/box-atos-hebreus-cartas-e-apocalipse-para-todos-n-t-wright\/","title":{"rendered":"Box Atos, Hebreus, Cartas E Apocalipse Para Todos &#8211; N.T. Wright"},"content":{"rendered":"<p>O Box \u00e9 composto pelas obras do autor N.T. Wright, abordando de forma erudita, acess\u00edvel, contempor\u00e2nea e instigantes os livros do Novo Testamento.<br \/>\nNas abordagens que o autor traz cont\u00e9m um raro dom de conseguir comunicar sua compreens\u00e3o e seu entusiasmo para todos, n\u00e3o somente para especialistas, e esse projeto \u00e9 totalmente envolvido e capaz de empreender as pessoas em seus coment\u00e1rios, -&#8220;Para Todos&#8221;.<\/p>\n<p>Composto por 5 livros:<br \/>\n&#8211; Atos Para Todos (1 -12 &#8211; Parte 1)<br \/>\n&#8211; Atos Para Todos (13 &#8211; 28 &#8211; Parte 2)<br \/>\n&#8211; Hebreus Para Todos<br \/>\n&#8211; Carta Primitivas Para Todos<br \/>\n&#8211; Apocalipse Para todos<\/p>\n","protected":false},"excerpt":{"rendered":"<p>O Box \u00e9 composto pelas obras do autor N.T. Wright, abordando de forma erudita, acess\u00edvel, contempor\u00e2nea e instigantes os livros&hellip;<\/p>\n","protected":false},"featured_media":345259,"comment_status":"open","ping_status":"closed","template":"","meta":[],"product_cat":[161,134],"product_tag":[],"_links":{"self":[{"href":"https:\/\/www.livrariarema.com.br\/loja\/wp-json\/wp\/v2\/product\/120279"}],"collection":[{"href":"https:\/\/www.livrariarema.com.br\/loja\/wp-json\/wp\/v2\/product"}],"about":[{"href":"https:\/\/www.livrariarema.com.br\/loja\/wp-json\/wp\/v2\/types\/product"}],"replies":[{"embeddable":true,"href":"https:\/\/www.livrariarema.com.br\/loja\/wp-json\/wp\/v2\/comments?post=120279"}],"wp:featuredmedia":[{"embeddable":true,"href":"https:\/\/www.livrariarema.com.br\/loja\/wp-json\/wp\/v2\/media\/345259"}],"wp:attachment":[{"href":"https:\/\/www.livrariarema.com.br\/loja\/wp-json\/wp\/v2\/media?parent=120279"}],"wp:term":[{"taxonomy":"product_cat","embeddable":true,"href":"https:\/\/www.livrariarema.com.br\/loja\/wp-json\/wp\/v2\/product_cat?post=120279"},{"taxonomy":"product_tag","embeddable":true,"href":"https:\/\/www.livrariarema.com.br\/loja\/wp-json\/wp\/v2\/product_tag?post=120279"}],"curies":[{"name":"wp","href":"https:\/\/api.w.org\/{rel}","templated":true}]}}