{"id":120361,"date":"2021-11-24T14:58:29","date_gmt":"2021-11-24T17:58:29","guid":{"rendered":"https:\/\/www.livrariarema.com.br\/loja\/produtos\/sem%20categoria\/mananciais-no-deserto-bolso-lettie-cowman-rosa\/"},"modified":"2025-12-21T16:20:49","modified_gmt":"2025-12-21T19:20:49","slug":"mananciais-no-deserto-bolso-lettie-cowman-rosa","status":"publish","type":"product","link":"https:\/\/www.livrariarema.com.br\/loja\/produtos\/livros\/devocional\/mananciais-no-deserto-bolso-lettie-cowman-rosa\/","title":{"rendered":"Mananciais No Deserto &#8211; Bolso &#8211; Lettie Cowman &#8211; Rosa"},"content":{"rendered":"<p>Um dos maiores cl\u00e1ssicos devocionais de todos os tempos, Mananciais no Deserto, oferece a voc\u00ea \u00e1gua pura, cristalina, refrescante, em doses di\u00e1rias para saciar sua sede e fortalecer seu cora\u00e7\u00e3o. Suas mensagens trazem alento, esperan\u00e7a, orienta\u00e7\u00e3o pr\u00e1tica e respostas que nos ajudam a ver o amor de Deus presente, mesmo nas circunst\u00e2ncias dif\u00edceis. Nessa edi\u00e7\u00e3o de bolso tamb\u00e9m s\u00e3o oferecidos 366 medita\u00e7\u00f5es condensada, uma para cada dia do ano extra\u00edda do livro original, mas sempre acompanhada com uma passagem b\u00edblica, sempre acompanhadas de uma passagem b\u00edblica, para cada dia do ano.<br \/>\nPara cada dia do ano, uma mensagem de encorajamento, de conforto, esperan\u00e7a e de paz.<\/p>\n","protected":false},"excerpt":{"rendered":"<p>Um dos maiores cl\u00e1ssicos devocionais de todos os tempos, Mananciais no Deserto, oferece a voc\u00ea \u00e1gua pura, cristalina, refrescante, em&hellip;<\/p>\n","protected":false},"featured_media":341510,"comment_status":"open","ping_status":"closed","template":"","meta":[],"product_cat":[158,134],"product_tag":[],"_links":{"self":[{"href":"https:\/\/www.livrariarema.com.br\/loja\/wp-json\/wp\/v2\/product\/120361"}],"collection":[{"href":"https:\/\/www.livrariarema.com.br\/loja\/wp-json\/wp\/v2\/product"}],"about":[{"href":"https:\/\/www.livrariarema.com.br\/loja\/wp-json\/wp\/v2\/types\/product"}],"replies":[{"embeddable":true,"href":"https:\/\/www.livrariarema.com.br\/loja\/wp-json\/wp\/v2\/comments?post=120361"}],"wp:featuredmedia":[{"embeddable":true,"href":"https:\/\/www.livrariarema.com.br\/loja\/wp-json\/wp\/v2\/media\/341510"}],"wp:attachment":[{"href":"https:\/\/www.livrariarema.com.br\/loja\/wp-json\/wp\/v2\/media?parent=120361"}],"wp:term":[{"taxonomy":"product_cat","embeddable":true,"href":"https:\/\/www.livrariarema.com.br\/loja\/wp-json\/wp\/v2\/product_cat?post=120361"},{"taxonomy":"product_tag","embeddable":true,"href":"https:\/\/www.livrariarema.com.br\/loja\/wp-json\/wp\/v2\/product_tag?post=120361"}],"curies":[{"name":"wp","href":"https:\/\/api.w.org\/{rel}","templated":true}]}}