{"id":120666,"date":"2021-11-25T16:52:50","date_gmt":"2021-11-25T19:52:50","guid":{"rendered":"https:\/\/www.livrariarema.com.br\/loja\/produtos\/sem%20categoria\/a-maneira-de-cristo-yesenia-then\/"},"modified":"2025-03-12T16:57:07","modified_gmt":"2025-03-12T19:57:07","slug":"a-maneira-de-cristo-yesenia-then","status":"publish","type":"product","link":"https:\/\/www.livrariarema.com.br\/loja\/produtos\/promocao\/livros-promocao\/a-maneira-de-cristo-yesenia-then\/","title":{"rendered":"\u00c0 Maneira De Cristo &#8211; Yesenia Then"},"content":{"rendered":"<p>QUE CADA UM DE N\u00d3S SE DEDIQUE A VIVER \u00c0 MANEIRA DE CRISTO \u00c9 EXATAMENTE O QUE DEUS ESPERA!<\/p>\n<p>\u00c0 maneira de Cristo \u00e9 um manual de instru\u00e7\u00f5es que tem como base a vida e o exemplo do \u00fanico ser absolutamente perfeito que j\u00e1 existiu neste mundo; aquele que, sendo Deus, demonstrou ter um n\u00edvel admir\u00e1vel de obedi\u00eancia; aquele que, sendo Rei, serviu aos outros de forma incans\u00e1vel; aquele que, mesmo tendo tudo a seus p\u00e9s, de tudo se despojou para mostrar seu amor em favor de cada um de n\u00f3s.<\/p>\n<p>Yesenia Then ensina sobre a firmeza de car\u00e1ter e a determina\u00e7\u00e3o de Jesus, sobre seu compromisso com a miss\u00e3o que lhe foi confiada, sobre sua resposta \u00e0 tenta\u00e7\u00e3o e muitos outros temas que, com certeza, causar\u00e3o impacto no seu cora\u00e7\u00e3o. Aproveite ao m\u00e1ximo esta obra que, usada por Deus, a pastora Yesenia traz \u00e0 nossa vida<\/p>\n","protected":false},"excerpt":{"rendered":"<p>QUE CADA UM DE N\u00d3S SE DEDIQUE A VIVER \u00c0 MANEIRA DE CRISTO \u00c9 EXATAMENTE O QUE DEUS ESPERA! \u00c0&hellip;<\/p>\n","protected":false},"featured_media":328157,"comment_status":"open","ping_status":"closed","template":"","meta":[],"product_cat":[143,142],"product_tag":[],"_links":{"self":[{"href":"https:\/\/www.livrariarema.com.br\/loja\/wp-json\/wp\/v2\/product\/120666"}],"collection":[{"href":"https:\/\/www.livrariarema.com.br\/loja\/wp-json\/wp\/v2\/product"}],"about":[{"href":"https:\/\/www.livrariarema.com.br\/loja\/wp-json\/wp\/v2\/types\/product"}],"replies":[{"embeddable":true,"href":"https:\/\/www.livrariarema.com.br\/loja\/wp-json\/wp\/v2\/comments?post=120666"}],"wp:featuredmedia":[{"embeddable":true,"href":"https:\/\/www.livrariarema.com.br\/loja\/wp-json\/wp\/v2\/media\/328157"}],"wp:attachment":[{"href":"https:\/\/www.livrariarema.com.br\/loja\/wp-json\/wp\/v2\/media?parent=120666"}],"wp:term":[{"taxonomy":"product_cat","embeddable":true,"href":"https:\/\/www.livrariarema.com.br\/loja\/wp-json\/wp\/v2\/product_cat?post=120666"},{"taxonomy":"product_tag","embeddable":true,"href":"https:\/\/www.livrariarema.com.br\/loja\/wp-json\/wp\/v2\/product_tag?post=120666"}],"curies":[{"name":"wp","href":"https:\/\/api.w.org\/{rel}","templated":true}]}}