{"id":122740,"date":"2021-12-03T09:04:02","date_gmt":"2021-12-03T12:04:02","guid":{"rendered":"https:\/\/www.livrariarema.com.br\/loja\/produtos\/sem%20categoria\/binder-clips-molin-32mm-love-multifuncional-com-2-unidades\/"},"modified":"2026-03-21T10:00:36","modified_gmt":"2026-03-21T13:00:36","slug":"binder-clips-molin-32mm-love-multifuncional-com-2-unidades","status":"publish","type":"product","link":"https:\/\/www.livrariarema.com.br\/loja\/produtos\/promocao\/papelaria-promocao\/binder-clips-molin-32mm-love-multifuncional-com-2-unidades\/","title":{"rendered":"Binder Clips &#8211; Molin &#8211; 32Mm &#8211; Love &#8211; Multifuncional &#8211; Com 2 Unidades"},"content":{"rendered":"<p>Os cora\u00e7\u00f5es transmitem o amor, o calor de uma paix\u00e3o. \u00edcone mundial, um simples s\u00edmbolo, pode representar toda uma hist\u00f3ria. O amor nunca sai de moda e os cora\u00e7\u00f5es est\u00e3o sempre nela.<br \/>\n&#8211; Para prender folhas e segurar canetas, ao mesmo tempo.<\/p>\n<p>Item sem necessidade de Registro de Inmetro<\/p>\n<p>Item sem necessidade de Registro de Inmetro<\/p>\n","protected":false},"excerpt":{"rendered":"<p>Os cora\u00e7\u00f5es transmitem o amor, o calor de uma paix\u00e3o. \u00edcone mundial, um simples s\u00edmbolo, pode representar toda uma hist\u00f3ria.&hellip;<\/p>\n","protected":false},"featured_media":342849,"comment_status":"open","ping_status":"closed","template":"","meta":[],"product_cat":[307,142],"product_tag":[],"_links":{"self":[{"href":"https:\/\/www.livrariarema.com.br\/loja\/wp-json\/wp\/v2\/product\/122740"}],"collection":[{"href":"https:\/\/www.livrariarema.com.br\/loja\/wp-json\/wp\/v2\/product"}],"about":[{"href":"https:\/\/www.livrariarema.com.br\/loja\/wp-json\/wp\/v2\/types\/product"}],"replies":[{"embeddable":true,"href":"https:\/\/www.livrariarema.com.br\/loja\/wp-json\/wp\/v2\/comments?post=122740"}],"wp:featuredmedia":[{"embeddable":true,"href":"https:\/\/www.livrariarema.com.br\/loja\/wp-json\/wp\/v2\/media\/342849"}],"wp:attachment":[{"href":"https:\/\/www.livrariarema.com.br\/loja\/wp-json\/wp\/v2\/media?parent=122740"}],"wp:term":[{"taxonomy":"product_cat","embeddable":true,"href":"https:\/\/www.livrariarema.com.br\/loja\/wp-json\/wp\/v2\/product_cat?post=122740"},{"taxonomy":"product_tag","embeddable":true,"href":"https:\/\/www.livrariarema.com.br\/loja\/wp-json\/wp\/v2\/product_tag?post=122740"}],"curies":[{"name":"wp","href":"https:\/\/api.w.org\/{rel}","templated":true}]}}