{"id":122755,"date":"2021-12-03T09:04:26","date_gmt":"2021-12-03T12:04:26","guid":{"rendered":"https:\/\/www.livrariarema.com.br\/loja\/produtos\/sem%20categoria\/notas-adesivas-molin-love-30mm-x-2m-3\/"},"modified":"2026-04-25T10:20:18","modified_gmt":"2026-04-25T13:20:18","slug":"notas-adesivas-molin-love-30mm-x-2m-3","status":"publish","type":"product","link":"https:\/\/www.livrariarema.com.br\/loja\/produtos\/promocao\/papelaria-promocao\/notas-adesivas-molin-love-30mm-x-2m-3\/","title":{"rendered":"Notas Adesivas &#8211; Molin &#8211; Love &#8211; 30Mm X 2M"},"content":{"rendered":"<p>Os cora\u00e7\u00f5es transmitem o amor, o calor de uma paix\u00e3o. \u00edcone mundial, um simples s\u00edmbolo, pode representar toda uma hist\u00f3ria. O amor nunca sai de moda e os cora\u00e7\u00f5es est\u00e3o sempre nela.<\/p>\n<p>&#8211; Para organizar, agendas, cadernos, planners, etc.<br \/>\n&#8211; Nota em v\u00e1rios formatos e f\u00e1ceis de destacar.<br \/>\n&#8211; \u00c9 poss\u00edvel escrever sobre elas, com qualquer tipo de caneta.<br \/>\n&#8211; Dispon\u00edveis em blister com 1 unidade e o rolo possui 30mm x 2m, com dezenas de notas adesivas para usar.<\/p>\n<p>Item sem necessidade de Registro de Inmetro<\/p>\n","protected":false},"excerpt":{"rendered":"<p>Os cora\u00e7\u00f5es transmitem o amor, o calor de uma paix\u00e3o. \u00edcone mundial, um simples s\u00edmbolo, pode representar toda uma hist\u00f3ria.&hellip;<\/p>\n","protected":false},"featured_media":313478,"comment_status":"open","ping_status":"closed","template":"","meta":[],"product_cat":[307,142],"product_tag":[],"_links":{"self":[{"href":"https:\/\/www.livrariarema.com.br\/loja\/wp-json\/wp\/v2\/product\/122755"}],"collection":[{"href":"https:\/\/www.livrariarema.com.br\/loja\/wp-json\/wp\/v2\/product"}],"about":[{"href":"https:\/\/www.livrariarema.com.br\/loja\/wp-json\/wp\/v2\/types\/product"}],"replies":[{"embeddable":true,"href":"https:\/\/www.livrariarema.com.br\/loja\/wp-json\/wp\/v2\/comments?post=122755"}],"wp:featuredmedia":[{"embeddable":true,"href":"https:\/\/www.livrariarema.com.br\/loja\/wp-json\/wp\/v2\/media\/313478"}],"wp:attachment":[{"href":"https:\/\/www.livrariarema.com.br\/loja\/wp-json\/wp\/v2\/media?parent=122755"}],"wp:term":[{"taxonomy":"product_cat","embeddable":true,"href":"https:\/\/www.livrariarema.com.br\/loja\/wp-json\/wp\/v2\/product_cat?post=122755"},{"taxonomy":"product_tag","embeddable":true,"href":"https:\/\/www.livrariarema.com.br\/loja\/wp-json\/wp\/v2\/product_tag?post=122755"}],"curies":[{"name":"wp","href":"https:\/\/api.w.org\/{rel}","templated":true}]}}