{"id":124970,"date":"2021-12-08T11:05:49","date_gmt":"2021-12-08T14:05:49","guid":{"rendered":"https:\/\/www.livrariarema.com.br\/loja\/produtos\/sem%20categoria\/biblia-nova-biblia-viva-estudo-leitura-e-compreensao-moderna\/"},"modified":"2026-03-13T16:57:46","modified_gmt":"2026-03-13T19:57:46","slug":"biblia-nova-biblia-viva-estudo-leitura-e-compreensao-moderna","status":"publish","type":"product","link":"https:\/\/www.livrariarema.com.br\/loja\/produtos\/biblias\/viva\/biblia-nova-biblia-viva-estudo-leitura-e-compreensao-moderna\/","title":{"rendered":"B\u00edblia Nova Biblia Viva &#8211; Estudo, Leitura E Compreens\u00e3o &#8211; Moderna"},"content":{"rendered":"<p>NONA B\u00cdBLIA VIVA &#8211; Estudo, leitura e compreens\u00e3o<\/p>\n<p>Finalmente entenda. Finalmente VIVA!<\/p>\n<p>H\u00e1 d\u00e9cadas, a Nova B\u00edblia Viva (NBV) vem conquistando um p\u00fablico cada vez mais &#64257;el devido \u00e0 sua capacidade de transmitir a Palavra de Deus de forma simples e clara. <\/p>\n<p>Esta edi\u00e7\u00e3o especial, chamada NBV: Estudo, Leitura e Compreens\u00e3o &#8722; um trip\u00e9 perfeito, que sustenta uma mente curiosa e \u00e1vida de conhecer a Palavra de Deus &#8722;, vem com recursos pr\u00e1ticos que a tornar\u00e3o ainda mais excepcional e funcional. <\/p>\n<p>Introdu\u00e7\u00e3o a cada livro da B\u00edblia &#8722; com informa\u00e7\u00f5es b\u00e1sicas sobre o que trata o livro, quem o escreveu, quando, por que, a quem e onde.<\/p>\n<p>Jesus em&#8230; &#8211; aqui, se ver\u00e1 como o Filho de Deus \u00e9 retratado, direta ou indiretamente, de G\u00eanesis a Apocalipse. <\/p>\n<p>Principais personagens &#8211; um resumo sobre as &#64257;guras mais marcantes.<br \/>\n<br \/>\nFatos importantes &#8211; um apanhado acerca dos acontecimentos centrais retratados no livro.<\/p>\n<p>Resumo &#8211; traz uma vis\u00e3o panor\u00e2mica do livro.<\/p>\n<p>Crescendo no conhecimento &#8211; uma s\u00e9rie de estudos em forma de perguntas e respostas que proporciona informa\u00e7\u00f5es relevantes sobre Deus, Jesus, o Esp\u00edrito Santo, a Igreja, o ser humano, as b\u00ean\u00e7\u00e3os da gra\u00e7a e a doutrina das \u00faltimas coisas. <\/p>\n<p>Plano anual de leitura da B\u00edblia &#8722; siga o plano, e, em um ano, voc\u00ea ter\u00e1 tido o prazer de ler a Carta Magna mais importante j\u00e1 escrita na Hist\u00f3ria.<\/p>\n<p>Concord\u00e2ncia b\u00edblica abreviada &#8722; uma ferramenta valios\u00edssima para achar algumas palavras-chave ao longo da B\u00edblia.<\/p>\n<p>Recursos Hagnos para seu crescimento espiritual &#8211; com indica\u00e7\u00e3o de publica\u00e7\u00f5es que lhe proporcionar\u00e3o um conhecimento mais profundo das Escrituras.<\/p>\n<p>Mapas bel\u00edssimos e informativos que complementar\u00e3o seu aprendizado.<\/p>\n<p>Cadeia de subt\u00edtulos &#8211; embora a maioria das B\u00edblias tenha esse recurso, a NBV trouxe uma inova\u00e7\u00e3o: como a B\u00edblia \u00e9 a Palavra de Deus, ent\u00e3o, sempre que poss\u00edvel, Deus ser\u00e1 o sujeito ativo da narrativa. Por exemplo, em G\u00eanesis, as B\u00edblias trazem, em geral, &#8220;A cria\u00e7\u00e3o dos c\u00e9us e da terra&#8221;, no cap\u00edtulo 1, e &#8220;A cria\u00e7\u00e3o do homem e da mulher&#8221;, no cap\u00edtulo 2, mas a Nova B\u00edblia Viva faz quest\u00e3o de focar Deus como o Senhor da Hist\u00f3ria, sempre que isso for textualmente poss\u00edvel e desej\u00e1vel. <\/p>\n<p>Veja:<br \/> <br \/>\nDEUS CRIA OS C\u00c9US E A TERRA<br \/>\nDEUS CRIA AD\u00c3O E EVA E OS P\u00d5E NO \u00c9DEN<\/p>\n<p>No Novo Testamento, sobretudo nos Evangelhos, o foco est\u00e1 na pessoa de Jesus. Veja estes exemplos do Evangelho de Jo\u00e3o, cap\u00edtulo 1:<br \/>\nJESUS, A PALAVRA QUE SE TORNOU CARNE<br \/>\nJESUS E SEU PRECURSOR<br \/>\nJESUS CHAMA SEUS PRIMEIROS DISC\u00cdPULOS<br \/>\nJESUS CHAMA FILIPE E NATANAEL <\/p>\n<p>A NBV: Estudo, Leitura e Compreens\u00e3o \u00e9 moderna, din\u00e2mica, cheia de vivacidade, entusiasmo e vigor. Ela tem em seu DNA o desejo de sempre se renovar para alcan\u00e7ar os desejosos de ler um texto b\u00edblico que tenha sabor e que seja facilmente degustado, e que, em raz\u00e3o disso, nutra a mente e o cora\u00e7\u00e3o de quem ama a Deus e sua Palavra inspirada.<\/p>\n","protected":false},"excerpt":{"rendered":"<p>NONA B\u00cdBLIA VIVA &#8211; Estudo, leitura e compreens\u00e3o Finalmente entenda. Finalmente VIVA! H\u00e1 d\u00e9cadas, a Nova B\u00edblia Viva (NBV) vem&hellip;<\/p>\n","protected":false},"featured_media":346128,"comment_status":"open","ping_status":"closed","template":"","meta":[],"product_cat":[139,243],"product_tag":[],"_links":{"self":[{"href":"https:\/\/www.livrariarema.com.br\/loja\/wp-json\/wp\/v2\/product\/124970"}],"collection":[{"href":"https:\/\/www.livrariarema.com.br\/loja\/wp-json\/wp\/v2\/product"}],"about":[{"href":"https:\/\/www.livrariarema.com.br\/loja\/wp-json\/wp\/v2\/types\/product"}],"replies":[{"embeddable":true,"href":"https:\/\/www.livrariarema.com.br\/loja\/wp-json\/wp\/v2\/comments?post=124970"}],"wp:featuredmedia":[{"embeddable":true,"href":"https:\/\/www.livrariarema.com.br\/loja\/wp-json\/wp\/v2\/media\/346128"}],"wp:attachment":[{"href":"https:\/\/www.livrariarema.com.br\/loja\/wp-json\/wp\/v2\/media?parent=124970"}],"wp:term":[{"taxonomy":"product_cat","embeddable":true,"href":"https:\/\/www.livrariarema.com.br\/loja\/wp-json\/wp\/v2\/product_cat?post=124970"},{"taxonomy":"product_tag","embeddable":true,"href":"https:\/\/www.livrariarema.com.br\/loja\/wp-json\/wp\/v2\/product_tag?post=124970"}],"curies":[{"name":"wp","href":"https:\/\/api.w.org\/{rel}","templated":true}]}}