{"id":135745,"date":"2022-01-13T15:24:53","date_gmt":"2022-01-13T18:24:53","guid":{"rendered":"https:\/\/www.livrariarema.com.br\/loja\/produtos\/sem%20categoria\/biblia-leitura-perfeita-acf-tecido\/"},"modified":"2026-02-24T12:15:18","modified_gmt":"2026-02-24T15:15:18","slug":"biblia-leitura-perfeita-acf-tecido","status":"publish","type":"product","link":"https:\/\/www.livrariarema.com.br\/loja\/produtos\/biblias\/revista-corrigida-fiel\/biblia-leitura-perfeita-acf-tecido\/","title":{"rendered":"B\u00edblia Leitura Perfeita &#8211; Acf &#8211; Tecido"},"content":{"rendered":"<p>A B\u00edblia Sagrada \u00e9 com a linguagem na vers\u00e3o ACF (Almeida Corrigida Fiel) de Jo\u00e3o Ferreira de Almeida, sendo uma tradu\u00e7\u00e3o que preserva toda a tradi\u00e7\u00e3o de Jo\u00e3o Ferreira de Almeida. A fonte desenvolvida especialmente, Leitura Perfeita, \u00e9 exclusiva para a Thomas Nelson que, ao mesmo tempo, integra os melhores avan\u00e7os tipogr\u00e1ficos de b\u00edblias modernas ao legado de texto fiel aos originais, autoritativo e embasado nos manuscritos mais confi\u00e1veis. O resultado \u00e9 uma fonte exclusiva e leg\u00edvel em qualquer tamanho e que preserva toda a hist\u00f3ria da Almeida Corrigida. A Capa tem acabamento moderno em tecido, com sofistica\u00e7\u00e3o e tamanho ideal.<\/p>\n","protected":false},"excerpt":{"rendered":"<p>A B\u00edblia Sagrada \u00e9 com a linguagem na vers\u00e3o ACF (Almeida Corrigida Fiel) de Jo\u00e3o Ferreira de Almeida, sendo uma&hellip;<\/p>\n","protected":false},"featured_media":345246,"comment_status":"open","ping_status":"closed","template":"","meta":[],"product_cat":[139,212],"product_tag":[],"_links":{"self":[{"href":"https:\/\/www.livrariarema.com.br\/loja\/wp-json\/wp\/v2\/product\/135745"}],"collection":[{"href":"https:\/\/www.livrariarema.com.br\/loja\/wp-json\/wp\/v2\/product"}],"about":[{"href":"https:\/\/www.livrariarema.com.br\/loja\/wp-json\/wp\/v2\/types\/product"}],"replies":[{"embeddable":true,"href":"https:\/\/www.livrariarema.com.br\/loja\/wp-json\/wp\/v2\/comments?post=135745"}],"wp:featuredmedia":[{"embeddable":true,"href":"https:\/\/www.livrariarema.com.br\/loja\/wp-json\/wp\/v2\/media\/345246"}],"wp:attachment":[{"href":"https:\/\/www.livrariarema.com.br\/loja\/wp-json\/wp\/v2\/media?parent=135745"}],"wp:term":[{"taxonomy":"product_cat","embeddable":true,"href":"https:\/\/www.livrariarema.com.br\/loja\/wp-json\/wp\/v2\/product_cat?post=135745"},{"taxonomy":"product_tag","embeddable":true,"href":"https:\/\/www.livrariarema.com.br\/loja\/wp-json\/wp\/v2\/product_tag?post=135745"}],"curies":[{"name":"wp","href":"https:\/\/api.w.org\/{rel}","templated":true}]}}