{"id":135766,"date":"2022-01-13T15:25:51","date_gmt":"2022-01-13T18:25:51","guid":{"rendered":"https:\/\/www.livrariarema.com.br\/loja\/produtos\/sem%20categoria\/biblia-leitura-perfeita-acf-cinza-couro-soft\/"},"modified":"2026-01-26T16:12:42","modified_gmt":"2026-01-26T19:12:42","slug":"biblia-leitura-perfeita-acf-cinza-couro-soft","status":"publish","type":"product","link":"https:\/\/www.livrariarema.com.br\/loja\/produtos\/biblias\/revista-corrigida-fiel\/biblia-leitura-perfeita-acf-cinza-couro-soft\/","title":{"rendered":"B\u00edblia Leitura Perfeita &#8211; Acf &#8211; Couro Soft &#8211; Cinza"},"content":{"rendered":"<p>A B\u00edblia ACF, Couro Soft, Cinza \u00e9 a escolha perfeita pra quem quer uma b\u00edblia com letra grande, sem abrir m\u00e3o de uma capa vers\u00e1til e estilosa. A capa possui uma base de l\u00e1tex interna que a torna muito mais flex\u00edvel e dur\u00e1vel, prevenindo rachaduras. O material \u00e9 de courosoft (PU), que, al\u00e9m do toque aveludado, agrega leveza ao manuseio.<br \/>\nEssa b\u00edblia possui linguagem ACF (Almeida Corrigida Fiel) que \u00e9 fiel que preserva a tradu\u00e7\u00e3o Jo\u00e3o Almeida Ferreira <br \/>\nNela, voc\u00ea encontrar\u00e1 ainda a fonte Leitura Perfeita. Desenvolvida exclusivamente para a Thomas Nelson Brasil, a Leitura Perfeita \u00e9 uma fonte singular, moderna, bonita, clara e leg\u00edvel, ao mesmo tempo em que integra os melhores avan\u00e7os em tipografia de b\u00edblias modernas. O resultado \u00e9 uma tipologia que traz total conforto na leitura em qualquer tamanho.<\/p>\n","protected":false},"excerpt":{"rendered":"<p>A B\u00edblia ACF, Couro Soft, Cinza \u00e9 a escolha perfeita pra quem quer uma b\u00edblia com letra grande, sem abrir&hellip;<\/p>\n","protected":false},"featured_media":343083,"comment_status":"open","ping_status":"closed","template":"","meta":[],"product_cat":[139,212],"product_tag":[],"_links":{"self":[{"href":"https:\/\/www.livrariarema.com.br\/loja\/wp-json\/wp\/v2\/product\/135766"}],"collection":[{"href":"https:\/\/www.livrariarema.com.br\/loja\/wp-json\/wp\/v2\/product"}],"about":[{"href":"https:\/\/www.livrariarema.com.br\/loja\/wp-json\/wp\/v2\/types\/product"}],"replies":[{"embeddable":true,"href":"https:\/\/www.livrariarema.com.br\/loja\/wp-json\/wp\/v2\/comments?post=135766"}],"wp:featuredmedia":[{"embeddable":true,"href":"https:\/\/www.livrariarema.com.br\/loja\/wp-json\/wp\/v2\/media\/343083"}],"wp:attachment":[{"href":"https:\/\/www.livrariarema.com.br\/loja\/wp-json\/wp\/v2\/media?parent=135766"}],"wp:term":[{"taxonomy":"product_cat","embeddable":true,"href":"https:\/\/www.livrariarema.com.br\/loja\/wp-json\/wp\/v2\/product_cat?post=135766"},{"taxonomy":"product_tag","embeddable":true,"href":"https:\/\/www.livrariarema.com.br\/loja\/wp-json\/wp\/v2\/product_tag?post=135766"}],"curies":[{"name":"wp","href":"https:\/\/api.w.org\/{rel}","templated":true}]}}