{"id":135775,"date":"2022-01-13T15:26:16","date_gmt":"2022-01-13T18:26:16","guid":{"rendered":"https:\/\/www.livrariarema.com.br\/loja\/produtos\/sem%20categoria\/box-paulo-para-todos-n-t-wright\/"},"modified":"2026-02-24T12:27:33","modified_gmt":"2026-02-24T15:27:33","slug":"box-paulo-para-todos-n-t-wright","status":"publish","type":"product","link":"https:\/\/www.livrariarema.com.br\/loja\/produtos\/livros\/estudo-biblico\/box-paulo-para-todos-n-t-wright\/","title":{"rendered":"Box Paulo Para Todos &#8211; N.T. Wright"},"content":{"rendered":"<p>&#8221; ERUDITO, ACESS\u00cdVEL, CONTEMPOR\u00c2NEO, INSTIGANTE <br \/>\nUtilizando todo seu conhecimento erudito, mas escrevendo em um estilo acess\u00edvel e aned\u00f3tico, Wright nos mostra a sabedoria e o desafio dos escritos de Paulo, destacando a sensibilidade pastoral e a profunda perspic\u00e1cia que tornam esta cole\u00e7\u00e3o uma das principais refer\u00eancias das realiza\u00e7\u00f5es de Paulo. <Br><br \/>\nOs coment\u00e1rios instigantes de Wright s\u00e3o somados \u00e0 sua pr\u00f3pria tradu\u00e7\u00e3o do texto b\u00edblico &#8211; contempor\u00e2nea e instigante. Wright tem um dom raro de conseguir comunicar sua compreens\u00e3o e entusiasmo a n\u00e3o especialistas. <Br><br \/>\nEle \u00e9 uma das poucas pessoas vivas atualmente capazes de empreender um projeto como os coment\u00e1rios &#8220;Para todos&#8221;. No box Paulo para todos voc\u00ea encontrar\u00e1 os livros:<Br><br \/>\nPaulo para todos: 1 Cor\u00edntios <Br><br \/>\nPaulo para todos: 2 Cor\u00edntios <Br><br \/>\nPaulo para todos: G\u00e1latas e Tessalonicenses   <Br><br \/>\nPaulo para todos: Cartas da Pris\u00e3o <Br><br \/>\nPaulo para todos: Romanos 1-8 &#8211; Parte 1   <Br><br \/>\nPaulo para todos: Romanos 9-16 &#8211; Parte 2 <Br><br \/>\nPaulo para todos: Cartas Pastorais <Br><br \/>\n<Br><br \/>\n&#8220;As outras s\u00e9ries de coment\u00e1rios n\u00e3o chegam nem perto desta.&#8221; <Br><br \/>\n&#8211; THE CHRISTIAN CENTURY <Br><br \/>\n&#8220;Bem fundamentada pelos estudos acad\u00eamicos, acess\u00edvel e profundamente contempor\u00e2nea. Uma s\u00e9rie muito bem-vinda!&#8221; <Br><br \/>\n&#8211;   WALTER BRUEGGEMANN <Br><br \/>\n&#8220;Esta s\u00e9rie de coment\u00e1rios de Wright \u00e9 uma proeza. Toda hora eu falo para os leitores da B\u00edblia: &#8216;comecem por aqui!'&#8221;<Br><br \/>\n&#8211; SCOT MCKNIGHT <Br><br \/>\n&#8220;Tom Wright como parceiro de conversa para os pregadores de hoje \u00e9 o que h\u00e1 de mais perspicaz e explosivo.&#8221; &#8211; WILLIAM H. WILLIMON  &#8220;<Br><\/p>\n","protected":false},"excerpt":{"rendered":"<p>&#8221; ERUDITO, ACESS\u00cdVEL, CONTEMPOR\u00c2NEO, INSTIGANTE Utilizando todo seu conhecimento erudito, mas escrevendo em um estilo acess\u00edvel e aned\u00f3tico, Wright nos&hellip;<\/p>\n","protected":false},"featured_media":345335,"comment_status":"open","ping_status":"closed","template":"","meta":[],"product_cat":[161,134],"product_tag":[],"_links":{"self":[{"href":"https:\/\/www.livrariarema.com.br\/loja\/wp-json\/wp\/v2\/product\/135775"}],"collection":[{"href":"https:\/\/www.livrariarema.com.br\/loja\/wp-json\/wp\/v2\/product"}],"about":[{"href":"https:\/\/www.livrariarema.com.br\/loja\/wp-json\/wp\/v2\/types\/product"}],"replies":[{"embeddable":true,"href":"https:\/\/www.livrariarema.com.br\/loja\/wp-json\/wp\/v2\/comments?post=135775"}],"wp:featuredmedia":[{"embeddable":true,"href":"https:\/\/www.livrariarema.com.br\/loja\/wp-json\/wp\/v2\/media\/345335"}],"wp:attachment":[{"href":"https:\/\/www.livrariarema.com.br\/loja\/wp-json\/wp\/v2\/media?parent=135775"}],"wp:term":[{"taxonomy":"product_cat","embeddable":true,"href":"https:\/\/www.livrariarema.com.br\/loja\/wp-json\/wp\/v2\/product_cat?post=135775"},{"taxonomy":"product_tag","embeddable":true,"href":"https:\/\/www.livrariarema.com.br\/loja\/wp-json\/wp\/v2\/product_tag?post=135775"}],"curies":[{"name":"wp","href":"https:\/\/api.w.org\/{rel}","templated":true}]}}