{"id":136833,"date":"2022-01-20T15:57:40","date_gmt":"2022-01-20T18:57:40","guid":{"rendered":"https:\/\/www.livrariarema.com.br\/loja\/produtos\/sem%20categoria\/novo-manual-do-ministro-carlos-mraida\/"},"modified":"2025-12-16T14:04:41","modified_gmt":"2025-12-16T17:04:41","slug":"novo-manual-do-ministro-carlos-mraida","status":"publish","type":"product","link":"https:\/\/www.livrariarema.com.br\/loja\/produtos\/livros\/lideranca\/novo-manual-do-ministro-carlos-mraida\/","title":{"rendered":"Novo Manual Do Ministro &#8211; Carlos Mraida"},"content":{"rendered":"<p>O Novo Manual do Ministro \u00e9 uma obra ainda mais completa e extremamente \u00fatil para auxiliar na celebra\u00e7\u00e3o de diversos tipos de cerim\u00f4nias especiais. Este livro cont\u00e9m tr\u00eas grandes partes. A primeira parte trata da organiza\u00e7\u00e3o da igreja. A segunda parte oferece modelos de serm\u00f5es e roteiros de cerim\u00f4nias:<\/p>\n<p>batismo;<br \/>\nceia do Senhor;<br \/>\nlavagem dos p\u00e9s;<br \/>\nb\u00ean\u00e7\u00e3o matrimonial;<br \/>\nrenova\u00e7\u00e3o de votos;<br \/>\napresenta\u00e7\u00e3o de crian\u00e7as;<br \/>\ndespedida f\u00fanebre;<br \/>\nordena\u00e7\u00e3o de pastores e de outros l\u00edderes ministeriais;<br \/>\nformatura, reuni\u00e3o de congrega\u00e7\u00f5es de uma cidade;<br \/>\nintercess\u00e3o conjunta pelo pa\u00eds ou pela cidade;<br \/>\ndedica\u00e7\u00e3o de um governante;<br \/>\nconsagra\u00e7\u00e3o de uma cidade e\/ou na\u00e7\u00e3o;<br \/>\nenvio de mission\u00e1rios.<\/p>\n<p>A terceira parte versa sobre a vida do l\u00edder como servo do Senhor. Com este material, o ministro ganha uma ferramenta pr\u00e1tica para uso di\u00e1rio.<\/p>\n","protected":false},"excerpt":{"rendered":"<p>O Novo Manual do Ministro \u00e9 uma obra ainda mais completa e extremamente \u00fatil para auxiliar na celebra\u00e7\u00e3o de diversos&hellip;<\/p>\n","protected":false},"featured_media":342585,"comment_status":"open","ping_status":"closed","template":"","meta":[],"product_cat":[153,134],"product_tag":[],"_links":{"self":[{"href":"https:\/\/www.livrariarema.com.br\/loja\/wp-json\/wp\/v2\/product\/136833"}],"collection":[{"href":"https:\/\/www.livrariarema.com.br\/loja\/wp-json\/wp\/v2\/product"}],"about":[{"href":"https:\/\/www.livrariarema.com.br\/loja\/wp-json\/wp\/v2\/types\/product"}],"replies":[{"embeddable":true,"href":"https:\/\/www.livrariarema.com.br\/loja\/wp-json\/wp\/v2\/comments?post=136833"}],"wp:featuredmedia":[{"embeddable":true,"href":"https:\/\/www.livrariarema.com.br\/loja\/wp-json\/wp\/v2\/media\/342585"}],"wp:attachment":[{"href":"https:\/\/www.livrariarema.com.br\/loja\/wp-json\/wp\/v2\/media?parent=136833"}],"wp:term":[{"taxonomy":"product_cat","embeddable":true,"href":"https:\/\/www.livrariarema.com.br\/loja\/wp-json\/wp\/v2\/product_cat?post=136833"},{"taxonomy":"product_tag","embeddable":true,"href":"https:\/\/www.livrariarema.com.br\/loja\/wp-json\/wp\/v2\/product_tag?post=136833"}],"curies":[{"name":"wp","href":"https:\/\/api.w.org\/{rel}","templated":true}]}}