{"id":137957,"date":"2022-01-28T17:23:00","date_gmt":"2022-01-28T20:23:00","guid":{"rendered":"https:\/\/www.livrariarema.com.br\/loja\/produtos\/sem%20categoria\/liz-a-leoa-lisa-bevere\/"},"modified":"2025-05-02T16:37:21","modified_gmt":"2025-05-02T19:37:21","slug":"liz-a-leoa-lisa-bevere","status":"publish","type":"product","link":"https:\/\/www.livrariarema.com.br\/loja\/produtos\/livros\/infantil\/liz-a-leoa-lisa-bevere\/","title":{"rendered":"Liz A Leoa &#8211; Lisa Bevere"},"content":{"rendered":"<p>VOC\u00ca N\u00c3O PRECISA SER CORAJOSO SOZINHO!<\/p>\n<p>Lisa Bevere, apresenta Liz, uma leoa travessa, curiosa e encantadora. Atrav\u00e9s das ador\u00e1veis brincadeiras de Liz, as crian\u00e7as descobrem que n\u00e3o \u00e9 preciso ser o maior para ser forte, nem o mais alto para ser corajoso. As vezes a coisa mais corajosa a se fazer \u00e9 pedir ajuda.<\/p>\n","protected":false},"excerpt":{"rendered":"<p>VOC\u00ca N\u00c3O PRECISA SER CORAJOSO SOZINHO! Lisa Bevere, apresenta Liz, uma leoa travessa, curiosa e encantadora. Atrav\u00e9s das ador\u00e1veis brincadeiras&hellip;<\/p>\n","protected":false},"featured_media":323362,"comment_status":"open","ping_status":"closed","template":"","meta":[],"product_cat":[144,134],"product_tag":[],"_links":{"self":[{"href":"https:\/\/www.livrariarema.com.br\/loja\/wp-json\/wp\/v2\/product\/137957"}],"collection":[{"href":"https:\/\/www.livrariarema.com.br\/loja\/wp-json\/wp\/v2\/product"}],"about":[{"href":"https:\/\/www.livrariarema.com.br\/loja\/wp-json\/wp\/v2\/types\/product"}],"replies":[{"embeddable":true,"href":"https:\/\/www.livrariarema.com.br\/loja\/wp-json\/wp\/v2\/comments?post=137957"}],"wp:featuredmedia":[{"embeddable":true,"href":"https:\/\/www.livrariarema.com.br\/loja\/wp-json\/wp\/v2\/media\/323362"}],"wp:attachment":[{"href":"https:\/\/www.livrariarema.com.br\/loja\/wp-json\/wp\/v2\/media?parent=137957"}],"wp:term":[{"taxonomy":"product_cat","embeddable":true,"href":"https:\/\/www.livrariarema.com.br\/loja\/wp-json\/wp\/v2\/product_cat?post=137957"},{"taxonomy":"product_tag","embeddable":true,"href":"https:\/\/www.livrariarema.com.br\/loja\/wp-json\/wp\/v2\/product_tag?post=137957"}],"curies":[{"name":"wp","href":"https:\/\/api.w.org\/{rel}","templated":true}]}}