{"id":138282,"date":"2022-01-31T11:45:21","date_gmt":"2022-01-31T14:45:21","guid":{"rendered":"https:\/\/www.livrariarema.com.br\/loja\/produtos\/sem%20categoria\/margem-richard-swenson\/"},"modified":"2026-02-10T15:52:17","modified_gmt":"2026-02-10T18:52:17","slug":"margem-richard-swenson","status":"publish","type":"product","link":"https:\/\/www.livrariarema.com.br\/loja\/produtos\/promocao\/livros-promocao\/margem-richard-swenson\/","title":{"rendered":"Margem &#8211; Richard Swenson"},"content":{"rendered":"<p>VIVENDO SEM MARGEM<\/p>\n<p>As condi\u00e7\u00f5es da vida moderna devoram nossa margem. Se voc\u00ea \u00e9 sem-teto, \u00e9 enviado para um abrigo. Se n\u00e3o tem dinheiro, ganha cestas b\u00e1sicas. Se n\u00e3o tem f\u00f4lego, \u00e9 conectado a um tubo de oxig\u00eanio. Por\u00e9m, se n\u00e3o tiver margem, recebe ainda assim algo mais a fazer.<\/p>\n<p>Falta de margem \u00e9 chegar trinta minutos atrasado ao m\u00e9dico porque saiu do banco vinte minutos atrasado porque deixou as crian\u00e7as na escola dez munitos atrasadas porque o seu carro ficou sem combust\u00edvel a duas quadras do posto de gasolina &#8211; e voc\u00ea esqueceu a sua carteira.<\/p>\n<p>Margem, por outro lado, \u00e9 ter f\u00f4lego de sobra no topo da escadaria, dinheiro sobrando no final do m\u00eas, e sa\u00fade mental ao final da adolesc\u00eancia.<\/p>\n","protected":false},"excerpt":{"rendered":"<p>VIVENDO SEM MARGEM As condi\u00e7\u00f5es da vida moderna devoram nossa margem. Se voc\u00ea \u00e9 sem-teto, \u00e9 enviado para um abrigo.&hellip;<\/p>\n","protected":false},"featured_media":342330,"comment_status":"open","ping_status":"closed","template":"","meta":[],"product_cat":[143,142],"product_tag":[],"_links":{"self":[{"href":"https:\/\/www.livrariarema.com.br\/loja\/wp-json\/wp\/v2\/product\/138282"}],"collection":[{"href":"https:\/\/www.livrariarema.com.br\/loja\/wp-json\/wp\/v2\/product"}],"about":[{"href":"https:\/\/www.livrariarema.com.br\/loja\/wp-json\/wp\/v2\/types\/product"}],"replies":[{"embeddable":true,"href":"https:\/\/www.livrariarema.com.br\/loja\/wp-json\/wp\/v2\/comments?post=138282"}],"wp:featuredmedia":[{"embeddable":true,"href":"https:\/\/www.livrariarema.com.br\/loja\/wp-json\/wp\/v2\/media\/342330"}],"wp:attachment":[{"href":"https:\/\/www.livrariarema.com.br\/loja\/wp-json\/wp\/v2\/media?parent=138282"}],"wp:term":[{"taxonomy":"product_cat","embeddable":true,"href":"https:\/\/www.livrariarema.com.br\/loja\/wp-json\/wp\/v2\/product_cat?post=138282"},{"taxonomy":"product_tag","embeddable":true,"href":"https:\/\/www.livrariarema.com.br\/loja\/wp-json\/wp\/v2\/product_tag?post=138282"}],"curies":[{"name":"wp","href":"https:\/\/api.w.org\/{rel}","templated":true}]}}