{"id":138287,"date":"2022-01-31T11:45:32","date_gmt":"2022-01-31T14:45:32","guid":{"rendered":"https:\/\/www.livrariarema.com.br\/loja\/produtos\/sem%20categoria\/manhas-e-noites-em-sua-presenca-bill-e-beni-johnson\/"},"modified":"2026-03-24T17:23:53","modified_gmt":"2026-03-24T20:23:53","slug":"manhas-e-noites-em-sua-presenca-bill-e-beni-johnson","status":"publish","type":"product","link":"https:\/\/www.livrariarema.com.br\/loja\/produtos\/livros\/devocional\/manhas-e-noites-em-sua-presenca-bill-e-beni-johnson\/","title":{"rendered":"Manh\u00e3s E Noites Em Sua Presen\u00e7a &#8211; Bill E Beni Johnson"},"content":{"rendered":"<p>365 manh\u00e3s e noites encontrando a poderosa presen\u00e7a de Deus!<\/p>\n<p>Em nossas vidas ocupadas, pode ser f\u00e1cil esquecer de ouvir o sussurro sempre presente de Deus. Mas se voc\u00ea optar por se voltar para Ele, um encontro de mudan\u00e7a de vida est\u00e1 apenas a um momento de dist\u00e2ncia.<\/p>\n<p>Os pastores Bill e Beni Johnson, autores de best-sellers e l\u00edderes seniores do movimento de Bethel, entregam 365 devocionais inspiradores de manh\u00e3 e \u00e0 noite para todos os dias do ano que o ajudar\u00e3o a desfrutar de uma caminhada mais \u00edntima com o Esp\u00edrito Santo e uma vida mais vitoriosa com o poder da presen\u00e7a de Deus.<\/p>\n<p>Voc\u00ea aprender\u00e1 como: trazer o C\u00e9u \u00e0 terra, viver um estilo de vida milagroso, hospedar a presen\u00e7a do Esp\u00edrito Santo, sonhar com Deus, experimentar o poder sobrenatural da comunh\u00e3o, renovar sua mente, fortalecer-se no Senhor, caminhar na sa\u00fade divina, descobrir a alegria de intercess\u00e3o e muito mais!<\/p>\n<p>De manh\u00e3 e \u00e0 noite, escolha passar um momento com o Senhor. Um encontro em Sua presen\u00e7a pode definir o curso do seu dia e mudar o seu mundo!<\/p>\n","protected":false},"excerpt":{"rendered":"<p>365 manh\u00e3s e noites encontrando a poderosa presen\u00e7a de Deus! Em nossas vidas ocupadas, pode ser f\u00e1cil esquecer de ouvir&hellip;<\/p>\n","protected":false},"featured_media":340334,"comment_status":"open","ping_status":"closed","template":"","meta":[],"product_cat":[158,134],"product_tag":[],"_links":{"self":[{"href":"https:\/\/www.livrariarema.com.br\/loja\/wp-json\/wp\/v2\/product\/138287"}],"collection":[{"href":"https:\/\/www.livrariarema.com.br\/loja\/wp-json\/wp\/v2\/product"}],"about":[{"href":"https:\/\/www.livrariarema.com.br\/loja\/wp-json\/wp\/v2\/types\/product"}],"replies":[{"embeddable":true,"href":"https:\/\/www.livrariarema.com.br\/loja\/wp-json\/wp\/v2\/comments?post=138287"}],"wp:featuredmedia":[{"embeddable":true,"href":"https:\/\/www.livrariarema.com.br\/loja\/wp-json\/wp\/v2\/media\/340334"}],"wp:attachment":[{"href":"https:\/\/www.livrariarema.com.br\/loja\/wp-json\/wp\/v2\/media?parent=138287"}],"wp:term":[{"taxonomy":"product_cat","embeddable":true,"href":"https:\/\/www.livrariarema.com.br\/loja\/wp-json\/wp\/v2\/product_cat?post=138287"},{"taxonomy":"product_tag","embeddable":true,"href":"https:\/\/www.livrariarema.com.br\/loja\/wp-json\/wp\/v2\/product_tag?post=138287"}],"curies":[{"name":"wp","href":"https:\/\/api.w.org\/{rel}","templated":true}]}}