{"id":140171,"date":"2022-02-08T17:39:36","date_gmt":"2022-02-08T20:39:36","guid":{"rendered":"https:\/\/www.livrariarema.com.br\/loja\/produtos\/sem%20categoria\/biblia-nvi-slim-letra-normal-luxo-buque-de-flores\/"},"modified":"2022-11-03T17:23:34","modified_gmt":"2022-11-03T20:23:34","slug":"biblia-nvi-slim-letra-normal-luxo-buque-de-flores","status":"publish","type":"product","link":"https:\/\/www.livrariarema.com.br\/loja\/produtos\/biblias\/nvi\/biblia-nvi-slim-letra-normal-luxo-buque-de-flores\/","title":{"rendered":"B\u00edblia &#8211; Nvi &#8211; Slim &#8211; Letra Grande &#8211; Luxo &#8211; Buqu\u00ea De Flores"},"content":{"rendered":"<p>B\u00edblia Sagrada vers\u00e3o NVI (Nova Vers\u00e3o Internacional), uma das mais modernas tradu\u00e7\u00f5es que valoriza a clareza do texto, permanecendo fiel aos Escritos originais.<br \/>\nProporciona ao leitor uma linguagem mais atual e fluente. <br \/>\nIncluindo panorama b\u00edblico e mapas.  <br \/>\nO projeto de tradu\u00e7\u00e3o para a l\u00edngua portuguesa come\u00e7ou em 2000, a partir de uma reuni\u00e3o da comiss\u00e3o da Sociedade B\u00edblica Internacional. <br \/>\nUm grupo formado por respeitados estudiosos brasileiros e de outros pa\u00edses foi reunido para produzi-la. <br \/>\nEste projeto durou quase uma d\u00e9cada. <br \/>\nMuitos acham que \u00e9 apenas uma tradu\u00e7\u00e3o da americana, por\u00e9m erram ao pensar assim, pois a vers\u00e3o em portugu\u00eas foi feita no Brasil.  <br \/>\nO prop\u00f3sito dos idealizadores da NVI foi fazer um texto que se definisse por quatro elementos: precis\u00e3o, clareza, beleza de estilo e dignidade. <br \/>\nCom uma linguagem clara e mais pr\u00f3xima da atualidade, sem perder a beleza do estilo da linguagem b\u00edblica.  <br \/>\nCercada de elogios por conta do compromisso que conseguiu manter com os Escritos originais, esta vers\u00e3o da B\u00edblia j\u00e1 vendeu milh\u00f5es de exemplares nos \u00faltimos anos, e vem se popularizando cada vez mais.<\/p>\n","protected":false},"excerpt":{"rendered":"<p>B\u00edblia Sagrada vers\u00e3o NVI (Nova Vers\u00e3o Internacional), uma das mais modernas tradu\u00e7\u00f5es que valoriza a clareza do texto, permanecendo fiel&hellip;<\/p>\n","protected":false},"featured_media":194037,"comment_status":"open","ping_status":"closed","template":"","meta":[],"product_cat":[139,166],"product_tag":[],"_links":{"self":[{"href":"https:\/\/www.livrariarema.com.br\/loja\/wp-json\/wp\/v2\/product\/140171"}],"collection":[{"href":"https:\/\/www.livrariarema.com.br\/loja\/wp-json\/wp\/v2\/product"}],"about":[{"href":"https:\/\/www.livrariarema.com.br\/loja\/wp-json\/wp\/v2\/types\/product"}],"replies":[{"embeddable":true,"href":"https:\/\/www.livrariarema.com.br\/loja\/wp-json\/wp\/v2\/comments?post=140171"}],"wp:featuredmedia":[{"embeddable":true,"href":"https:\/\/www.livrariarema.com.br\/loja\/wp-json\/wp\/v2\/media\/194037"}],"wp:attachment":[{"href":"https:\/\/www.livrariarema.com.br\/loja\/wp-json\/wp\/v2\/media?parent=140171"}],"wp:term":[{"taxonomy":"product_cat","embeddable":true,"href":"https:\/\/www.livrariarema.com.br\/loja\/wp-json\/wp\/v2\/product_cat?post=140171"},{"taxonomy":"product_tag","embeddable":true,"href":"https:\/\/www.livrariarema.com.br\/loja\/wp-json\/wp\/v2\/product_tag?post=140171"}],"curies":[{"name":"wp","href":"https:\/\/api.w.org\/{rel}","templated":true}]}}