{"id":140302,"date":"2022-02-09T13:16:43","date_gmt":"2022-02-09T16:16:43","guid":{"rendered":"https:\/\/www.livrariarema.com.br\/loja\/produtos\/sem%20categoria\/biblia-naa-letra-normal-leao-azul\/"},"modified":"2025-02-19T10:40:30","modified_gmt":"2025-02-19T13:40:30","slug":"biblia-naa-letra-normal-leao-azul","status":"publish","type":"product","link":"https:\/\/www.livrariarema.com.br\/loja\/produtos\/biblias\/nova-almeida-atualizada\/biblia-naa-letra-normal-leao-azul\/","title":{"rendered":"B\u00edblia &#8211; Naa &#8211; Letra Normal &#8211; Le\u00e3o Azul"},"content":{"rendered":"<p>Nova Almeida Atualizada (NAA)  <br \/>\nPassados 60 anos desde a publica\u00e7\u00e3o da Almeida Revista e Atualizada, a SBB entendeu que era tempo de fazer uma nova atualiza\u00e7\u00e3o, para tornar o texto de Almeida mais compreens\u00edvel aos leitores de hoje.  <br \/>\nNo entanto, essa decis\u00e3o n\u00e3o poderia ser tomada de forma unilateral. <br \/>\nRepresentantes das igrejas crist\u00e3s foram convidados para uma reuni\u00e3o na Sede Nacional da Sociedade B\u00edblica do Brasil, em outubro de 2012, em Barueri (SP). <br \/>\nEsses representantes de diferentes denomina\u00e7\u00f5es crist\u00e3s acolheram a ideia com entusiasmo e ajudaram a formular os par\u00e2metros da revis\u00e3o. <br \/>\nO trabalho de revis\u00e3o foi iniciado pela SBB, oficialmente, em setembro de 2013.<\/p>\n","protected":false},"excerpt":{"rendered":"<p>Nova Almeida Atualizada (NAA) Passados 60 anos desde a publica\u00e7\u00e3o da Almeida Revista e Atualizada, a SBB entendeu que era&hellip;<\/p>\n","protected":false},"featured_media":301449,"comment_status":"open","ping_status":"closed","template":"","meta":[],"product_cat":[139,174],"product_tag":[],"_links":{"self":[{"href":"https:\/\/www.livrariarema.com.br\/loja\/wp-json\/wp\/v2\/product\/140302"}],"collection":[{"href":"https:\/\/www.livrariarema.com.br\/loja\/wp-json\/wp\/v2\/product"}],"about":[{"href":"https:\/\/www.livrariarema.com.br\/loja\/wp-json\/wp\/v2\/types\/product"}],"replies":[{"embeddable":true,"href":"https:\/\/www.livrariarema.com.br\/loja\/wp-json\/wp\/v2\/comments?post=140302"}],"wp:featuredmedia":[{"embeddable":true,"href":"https:\/\/www.livrariarema.com.br\/loja\/wp-json\/wp\/v2\/media\/301449"}],"wp:attachment":[{"href":"https:\/\/www.livrariarema.com.br\/loja\/wp-json\/wp\/v2\/media?parent=140302"}],"wp:term":[{"taxonomy":"product_cat","embeddable":true,"href":"https:\/\/www.livrariarema.com.br\/loja\/wp-json\/wp\/v2\/product_cat?post=140302"},{"taxonomy":"product_tag","embeddable":true,"href":"https:\/\/www.livrariarema.com.br\/loja\/wp-json\/wp\/v2\/product_tag?post=140302"}],"curies":[{"name":"wp","href":"https:\/\/api.w.org\/{rel}","templated":true}]}}