{"id":140554,"date":"2022-02-10T09:03:05","date_gmt":"2022-02-10T12:03:05","guid":{"rendered":"https:\/\/www.livrariarema.com.br\/loja\/produtos\/sem%20categoria\/biblia-infantil-as-mais-incriveis-historias-biblicas-anne-de-vries\/"},"modified":"2026-02-24T17:22:20","modified_gmt":"2026-02-24T20:22:20","slug":"biblia-infantil-as-mais-incriveis-historias-biblicas-anne-de-vries","status":"publish","type":"product","link":"https:\/\/www.livrariarema.com.br\/loja\/produtos\/livros\/infantil\/biblia-infantil-as-mais-incriveis-historias-biblicas-anne-de-vries\/","title":{"rendered":"Biblia Infantil &#8211; As Mais Incr\u00edveis Hist\u00f3rias B\u00edblicas &#8211; Anne De Vries"},"content":{"rendered":"<p>As mais incr\u00edveis hist\u00f3rias b\u00edblicas \u00e9 uma nova edi\u00e7\u00e3o do cl\u00e1ssico B\u00edblia para crian\u00e7as, de Anne de Vries, e foi pensada especialmente para ajudar jovens leitores a descobrirem os livros da B\u00edblia.  <br \/>\nEla conta com ilustra\u00e7\u00f5es no formato procurar e achar, que permitem aos leitores visualizar as cenas mais conhecidas, enquanto o texto apresenta os valores e virtudes b\u00edblicos de forma clara e din\u00e2mica.  <br \/>\nO estilo narrativo caloroso de Anne de Vries \u00e9 envolvente e alegre, e as frases mais curtas e o ritmo quase musical consagram o autor como um dos escritores infantis mais populares da Europa h\u00e1 mais de 50 anos, desde a primeira publica\u00e7\u00e3o da obra, em 1948.  <br \/>\nA releitura das hist\u00f3rias da B\u00edblia, pela crian\u00e7a ou pelos pais, \u00e9 a introdu\u00e7\u00e3o perfeita para despertar o interesse infantil para o universo b\u00edblico.<\/p>\n","protected":false},"excerpt":{"rendered":"<p>As mais incr\u00edveis hist\u00f3rias b\u00edblicas \u00e9 uma nova edi\u00e7\u00e3o do cl\u00e1ssico B\u00edblia para crian\u00e7as, de Anne de Vries, e foi&hellip;<\/p>\n","protected":false},"featured_media":316369,"comment_status":"open","ping_status":"closed","template":"","meta":[],"product_cat":[144,134],"product_tag":[],"_links":{"self":[{"href":"https:\/\/www.livrariarema.com.br\/loja\/wp-json\/wp\/v2\/product\/140554"}],"collection":[{"href":"https:\/\/www.livrariarema.com.br\/loja\/wp-json\/wp\/v2\/product"}],"about":[{"href":"https:\/\/www.livrariarema.com.br\/loja\/wp-json\/wp\/v2\/types\/product"}],"replies":[{"embeddable":true,"href":"https:\/\/www.livrariarema.com.br\/loja\/wp-json\/wp\/v2\/comments?post=140554"}],"wp:featuredmedia":[{"embeddable":true,"href":"https:\/\/www.livrariarema.com.br\/loja\/wp-json\/wp\/v2\/media\/316369"}],"wp:attachment":[{"href":"https:\/\/www.livrariarema.com.br\/loja\/wp-json\/wp\/v2\/media?parent=140554"}],"wp:term":[{"taxonomy":"product_cat","embeddable":true,"href":"https:\/\/www.livrariarema.com.br\/loja\/wp-json\/wp\/v2\/product_cat?post=140554"},{"taxonomy":"product_tag","embeddable":true,"href":"https:\/\/www.livrariarema.com.br\/loja\/wp-json\/wp\/v2\/product_tag?post=140554"}],"curies":[{"name":"wp","href":"https:\/\/api.w.org\/{rel}","templated":true}]}}