{"id":141012,"date":"2022-02-11T17:21:26","date_gmt":"2022-02-11T20:21:26","guid":{"rendered":"https:\/\/www.livrariarema.com.br\/loja\/produtos\/sem%20categoria\/como-ler-teologia-karin-spieckerstetin-stetina\/"},"modified":"2026-02-24T17:22:39","modified_gmt":"2026-02-24T20:22:39","slug":"como-ler-teologia-karin-spieckerstetin-stetina","status":"publish","type":"product","link":"https:\/\/www.livrariarema.com.br\/loja\/produtos\/promocao\/livros-promocao\/como-ler-teologia-karin-spieckerstetin-stetina\/","title":{"rendered":"Como Ler Teologia &#8211; Karin Spieckerstetin Stetina"},"content":{"rendered":"<p>Um guia para estudantes de Teologia<\/p>\n<p>Para muitos crist\u00e3os, ler livros de teologia \u00e9 uma tarefa \u00e1rdua e que deveria ser responsabilidade apenas de acad\u00eamicos e te\u00f3logos. Mas at\u00e9 mesmo os estudantes de teologia podem se sentir confusos em meio a tantos conceitos e terminologias.<\/p>\n<p>No entanto, obras teol\u00f3gicas podem sim ser lidas com prazer e entendimento, e \u00e9 isso o que se prop\u00f5e a mostrar o livro Como ler teologia. Neste guia, a autora, professora &#8211; e leitora &#8211; Karin Stetina apresenta as estrat\u00e9gias para uma leitura plena e com discernimento de obras (por vezes intrincadas) de te\u00f3logos e pensadores crist\u00e3os. Stetina apresenta estrat\u00e9gias que v\u00e3o ajudar o leitor a identificar o g\u00eanero e o contexto de uma obra teol\u00f3gica; familiarizar-se com o te\u00f3logo e seu arcabou\u00e7o teol\u00f3gico; discernir o tema principal de uma obra e a forma como ele \u00e9 comunicado; facilmente localizar pontos e termos-chave do texto; e, por fim, aplicar o conte\u00fado da obra teol\u00f3gica.<\/p>\n<p>O livro tamb\u00e9m cont\u00e9m materiais adicionais com dicas para participar e at\u00e9 mesmo conduzir um debate teol\u00f3gico, al\u00e9m de uma sele\u00e7\u00e3o de obras e autores mais importantes e um gloss\u00e1rio com a defini\u00e7\u00e3o dos principais conceitos da teologia.<\/p>\n<p>Como ler teologia ajudar\u00e1 os leitores n\u00e3o apenas a compreender, mas tamb\u00e9m a navegar com confian\u00e7a pelas ideias de grandes te\u00f3logos. Uma ferramenta indispens\u00e1vel para que todos possam ler e desfrutar de &#8220;di\u00e1logos&#8221; prazerosos com obras teol\u00f3gicas.<\/p>\n","protected":false},"excerpt":{"rendered":"<p>Um guia para estudantes de Teologia Para muitos crist\u00e3os, ler livros de teologia \u00e9 uma tarefa \u00e1rdua e que deveria&hellip;<\/p>\n","protected":false},"featured_media":345398,"comment_status":"open","ping_status":"closed","template":"","meta":[],"product_cat":[143,142],"product_tag":[],"_links":{"self":[{"href":"https:\/\/www.livrariarema.com.br\/loja\/wp-json\/wp\/v2\/product\/141012"}],"collection":[{"href":"https:\/\/www.livrariarema.com.br\/loja\/wp-json\/wp\/v2\/product"}],"about":[{"href":"https:\/\/www.livrariarema.com.br\/loja\/wp-json\/wp\/v2\/types\/product"}],"replies":[{"embeddable":true,"href":"https:\/\/www.livrariarema.com.br\/loja\/wp-json\/wp\/v2\/comments?post=141012"}],"wp:featuredmedia":[{"embeddable":true,"href":"https:\/\/www.livrariarema.com.br\/loja\/wp-json\/wp\/v2\/media\/345398"}],"wp:attachment":[{"href":"https:\/\/www.livrariarema.com.br\/loja\/wp-json\/wp\/v2\/media?parent=141012"}],"wp:term":[{"taxonomy":"product_cat","embeddable":true,"href":"https:\/\/www.livrariarema.com.br\/loja\/wp-json\/wp\/v2\/product_cat?post=141012"},{"taxonomy":"product_tag","embeddable":true,"href":"https:\/\/www.livrariarema.com.br\/loja\/wp-json\/wp\/v2\/product_tag?post=141012"}],"curies":[{"name":"wp","href":"https:\/\/api.w.org\/{rel}","templated":true}]}}