{"id":141018,"date":"2022-02-11T17:21:38","date_gmt":"2022-02-11T20:21:38","guid":{"rendered":"https:\/\/www.livrariarema.com.br\/loja\/produtos\/sem%20categoria\/unidade-perfeita-diversos-autores\/"},"modified":"2026-02-24T12:16:51","modified_gmt":"2026-02-24T15:16:51","slug":"unidade-perfeita-diversos-autores","status":"publish","type":"product","link":"https:\/\/www.livrariarema.com.br\/loja\/produtos\/promocao\/livros-promocao\/unidade-perfeita-diversos-autores\/","title":{"rendered":"Unidade Perfeita &#8211; Diversos Autores"},"content":{"rendered":"<p>NA ORA\u00c7\u00c3O QUE FEZ AO PAI NA NOITE EM QUE FOI PRESO, Jesus deixou expl\u00edcita a sua vontade: que todos os seus disc\u00edpulos vivam em unidade. <br \/>\nMais que isso: que vivam em unidade perfeita (Jo 17.23). <br \/>\nNo entanto, a cristandade parece ter abra\u00e7ado as divis\u00f5es e o sectarismo como padr\u00e3o aceit\u00e1vel e dado as costas para o desejo patente do cora\u00e7\u00e3o do Senhor: que todos os crist\u00e3os sejam um, como ele e o Pai s\u00e3o um.<br \/>\nO resultado \u00e9 uma igreja autof\u00e1gica que, embora bem&#8211;intencionada, vive esfacelada, marcada por isolacionismo denominacional, separatismo doutrin\u00e1rio, guetifica\u00e7\u00e3o teol\u00f3gica, senso de superioridade ideol\u00f3gica e uma incapacidade de di\u00e1logo que em nada tem contribu\u00eddo para o avan\u00e7o do reino de Deus. <br \/>\nSer\u00e1 que \u00e9 isso mesmo que Jesus espera de n\u00f3s?<br \/>\nEm Unidade perfeita, onze autores de diferentes linhas do cristianismo refletem sobre os benef\u00edcios que adv\u00eam da unidade do corpo de Cristo e os malef\u00edcios decorrentes do sectarismo em \u00e1reas que v\u00e3o desde a santidade pessoal e a influ\u00eancia da igreja na sociedade at\u00e9 os esfor\u00e7os missiol\u00f3gicos, acad\u00eamicos e evangel\u00edsticos.<\/p>\n","protected":false},"excerpt":{"rendered":"<p>NA ORA\u00c7\u00c3O QUE FEZ AO PAI NA NOITE EM QUE FOI PRESO, Jesus deixou expl\u00edcita a sua vontade: que todos&hellip;<\/p>\n","protected":false},"featured_media":345257,"comment_status":"open","ping_status":"closed","template":"","meta":[],"product_cat":[143,142],"product_tag":[],"_links":{"self":[{"href":"https:\/\/www.livrariarema.com.br\/loja\/wp-json\/wp\/v2\/product\/141018"}],"collection":[{"href":"https:\/\/www.livrariarema.com.br\/loja\/wp-json\/wp\/v2\/product"}],"about":[{"href":"https:\/\/www.livrariarema.com.br\/loja\/wp-json\/wp\/v2\/types\/product"}],"replies":[{"embeddable":true,"href":"https:\/\/www.livrariarema.com.br\/loja\/wp-json\/wp\/v2\/comments?post=141018"}],"wp:featuredmedia":[{"embeddable":true,"href":"https:\/\/www.livrariarema.com.br\/loja\/wp-json\/wp\/v2\/media\/345257"}],"wp:attachment":[{"href":"https:\/\/www.livrariarema.com.br\/loja\/wp-json\/wp\/v2\/media?parent=141018"}],"wp:term":[{"taxonomy":"product_cat","embeddable":true,"href":"https:\/\/www.livrariarema.com.br\/loja\/wp-json\/wp\/v2\/product_cat?post=141018"},{"taxonomy":"product_tag","embeddable":true,"href":"https:\/\/www.livrariarema.com.br\/loja\/wp-json\/wp\/v2\/product_tag?post=141018"}],"curies":[{"name":"wp","href":"https:\/\/api.w.org\/{rel}","templated":true}]}}