{"id":141979,"date":"2022-02-17T13:54:51","date_gmt":"2022-02-17T16:54:51","guid":{"rendered":"https:\/\/www.livrariarema.com.br\/loja\/produtos\/sem%20categoria\/gilead-marilynne-robinson\/"},"modified":"2026-02-20T12:54:00","modified_gmt":"2026-02-20T15:54:00","slug":"gilead-marilynne-robinson","status":"publish","type":"product","link":"https:\/\/www.livrariarema.com.br\/loja\/produtos\/promocao\/livros-promocao\/gilead-marilynne-robinson\/","title":{"rendered":"Gilead &#8211; Marilynne Robinson"},"content":{"rendered":"<p>Gilead \u00e9 o segundo romance de uma das mais brilhantes autoras americanas contempor\u00e2neas, que comp\u00f5e com sua escrita um bordado ao mesmo tempo sutil e avassalador &#8211; certamente um desafio a uma tradu\u00e7\u00e3o t\u00e3o primorosa como essa, de Maria Helena Rouanet.<\/p>\n<p>Esse livro \u00e9 uma declara\u00e7\u00e3o de amor incondicional \u00e0 vida, mesmo assombrada por Deus e um lamento por sua brevidade. Aclamado pela cr\u00edtica e pelo p\u00fablico, foi o vencedor do Pulitzer de 2005.<\/p>\n<p>Gilead foi acalentado pela autora e aguardado por seus leitores durante 24 anos. Tem, em suas p\u00e1ginas, a dimens\u00e3o de obra que atingiu a maturidade plena e nos conduz \u00e0 nossa pr\u00f3pria plenitude.<\/p>\n<p>Muitos escritores tentam capturar os conceitos universais de for\u00e7a, luta, felicidade e perd\u00e3o. Marilynne Robinson de fato os alcan\u00e7ou nesse livro, destinado a ser um cl\u00e1ssico.<br \/>\n-Publishers Weekly<\/p>\n<p>Gilead \u00e9 t\u00e3o belo, t\u00e3o bem escrito que o leitor se sentir\u00e1 em estado de gra\u00e7a s\u00f3 em l\u00ea-lo.<br \/>\n-The Washington Post<\/p>\n<p>A prosa de Robinson tem uma for\u00e7a espiritual rar\u00edssima na fic\u00e7\u00e3o contempor\u00e2nea.<br \/>\n-The New York Times<\/p>\n<p>\u00c9 raro encontrar bons romances sobre vida espiritual. Gilead \u00e9 um dos melhores.<br \/>\n-David Gates, Newsweek<\/p>\n<p>Gilead \u00e9 um espelho e, ao mesmo tempo, uma janela. Um espelho para o nosso cora\u00e7\u00e3o e uma janela para o cora\u00e7\u00e3o do outro. Leia esse livro e descubra por que nada neste mundo \u00e9 ordin\u00e1rio desde que se tenha uma alma robusta, olhos para ver e ouvidos para ouvir.<br \/>\n-Jonas Madureira, editor-chefe e autor de Edi\u00e7\u00f5es Vida Nova<\/p>\n","protected":false},"excerpt":{"rendered":"<p>Gilead \u00e9 o segundo romance de uma das mais brilhantes autoras americanas contempor\u00e2neas, que comp\u00f5e com sua escrita um bordado&hellip;<\/p>\n","protected":false},"featured_media":344938,"comment_status":"open","ping_status":"closed","template":"","meta":[],"product_cat":[143,142],"product_tag":[],"_links":{"self":[{"href":"https:\/\/www.livrariarema.com.br\/loja\/wp-json\/wp\/v2\/product\/141979"}],"collection":[{"href":"https:\/\/www.livrariarema.com.br\/loja\/wp-json\/wp\/v2\/product"}],"about":[{"href":"https:\/\/www.livrariarema.com.br\/loja\/wp-json\/wp\/v2\/types\/product"}],"replies":[{"embeddable":true,"href":"https:\/\/www.livrariarema.com.br\/loja\/wp-json\/wp\/v2\/comments?post=141979"}],"wp:featuredmedia":[{"embeddable":true,"href":"https:\/\/www.livrariarema.com.br\/loja\/wp-json\/wp\/v2\/media\/344938"}],"wp:attachment":[{"href":"https:\/\/www.livrariarema.com.br\/loja\/wp-json\/wp\/v2\/media?parent=141979"}],"wp:term":[{"taxonomy":"product_cat","embeddable":true,"href":"https:\/\/www.livrariarema.com.br\/loja\/wp-json\/wp\/v2\/product_cat?post=141979"},{"taxonomy":"product_tag","embeddable":true,"href":"https:\/\/www.livrariarema.com.br\/loja\/wp-json\/wp\/v2\/product_tag?post=141979"}],"curies":[{"name":"wp","href":"https:\/\/api.w.org\/{rel}","templated":true}]}}