{"id":142072,"date":"2022-02-17T14:02:18","date_gmt":"2022-02-17T17:02:18","guid":{"rendered":"https:\/\/www.livrariarema.com.br\/loja\/produtos\/sem%20categoria\/comentario-exegetico-1pedro-karen-h-jobes\/"},"modified":"2026-02-20T12:27:01","modified_gmt":"2026-02-20T15:27:01","slug":"comentario-exegetico-1pedro-karen-h-jobes","status":"publish","type":"product","link":"https:\/\/www.livrariarema.com.br\/loja\/produtos\/promocao\/livros-promocao\/comentario-exegetico-1pedro-karen-h-jobes\/","title":{"rendered":"Coment\u00e1rio Exeg\u00e9tico: 1 Pedro &#8211; Karen H. Jobes"},"content":{"rendered":"<p>Neste importante coment\u00e1rio de 1Pedro, Karen H. Jobes apresenta sua pr\u00f3pria tradu\u00e7\u00e3o do texto grego e um profundo compromisso do significado da ep\u00edstola, enfatizando a necessidade de se ler 1Pedro \u00e0 luz de seu contexto cultural. Al\u00e9m disso, Jobes ressalta a rela\u00e7\u00e3o do crist\u00e3o com a cultura e o lugar do sofrimento na vida crist\u00e3. Ela tamb\u00e9m apresenta uma nova sugest\u00e3o sobre os destinat\u00e1rios originais da carta, destacando, sobretudo, os insights fornecidos pelo uso da Septuaginta na ep\u00edstola e, desafiando, assim, as suposi\u00e7\u00f5es prevalecentes sobre a natureza do grego na carta.<\/p>\n<p>Do ponto de vista acad\u00eamico, trata-se de um coment\u00e1rio primoroso, essencial para estudiosos do Novo Testamento. Em contrapartida, a obra n\u00e3o se restringe \u00e0 academia, \u00e9 acess\u00edvel e indispens\u00e1vel a pastores cujo compromisso \u00e9 pregar fielmente a Palavra de Deus.<\/p>\n","protected":false},"excerpt":{"rendered":"<p>Neste importante coment\u00e1rio de 1Pedro, Karen H. Jobes apresenta sua pr\u00f3pria tradu\u00e7\u00e3o do texto grego e um profundo compromisso do&hellip;<\/p>\n","protected":false},"featured_media":344910,"comment_status":"open","ping_status":"closed","template":"","meta":[],"product_cat":[143,142],"product_tag":[],"_links":{"self":[{"href":"https:\/\/www.livrariarema.com.br\/loja\/wp-json\/wp\/v2\/product\/142072"}],"collection":[{"href":"https:\/\/www.livrariarema.com.br\/loja\/wp-json\/wp\/v2\/product"}],"about":[{"href":"https:\/\/www.livrariarema.com.br\/loja\/wp-json\/wp\/v2\/types\/product"}],"replies":[{"embeddable":true,"href":"https:\/\/www.livrariarema.com.br\/loja\/wp-json\/wp\/v2\/comments?post=142072"}],"wp:featuredmedia":[{"embeddable":true,"href":"https:\/\/www.livrariarema.com.br\/loja\/wp-json\/wp\/v2\/media\/344910"}],"wp:attachment":[{"href":"https:\/\/www.livrariarema.com.br\/loja\/wp-json\/wp\/v2\/media?parent=142072"}],"wp:term":[{"taxonomy":"product_cat","embeddable":true,"href":"https:\/\/www.livrariarema.com.br\/loja\/wp-json\/wp\/v2\/product_cat?post=142072"},{"taxonomy":"product_tag","embeddable":true,"href":"https:\/\/www.livrariarema.com.br\/loja\/wp-json\/wp\/v2\/product_tag?post=142072"}],"curies":[{"name":"wp","href":"https:\/\/api.w.org\/{rel}","templated":true}]}}