{"id":142099,"date":"2022-02-17T14:02:59","date_gmt":"2022-02-17T17:02:59","guid":{"rendered":"https:\/\/www.livrariarema.com.br\/loja\/produtos\/sem%20categoria\/serie-teologia-biblica-a-alianca-e-o-proposito-de-deus-para-o-mundo-thomas-r-schreiner\/"},"modified":"2026-02-20T13:43:51","modified_gmt":"2026-02-20T16:43:51","slug":"serie-teologia-biblica-a-alianca-e-o-proposito-de-deus-para-o-mundo-thomas-r-schreiner","status":"publish","type":"product","link":"https:\/\/www.livrariarema.com.br\/loja\/produtos\/livros\/teologia\/serie-teologia-biblica-a-alianca-e-o-proposito-de-deus-para-o-mundo-thomas-r-schreiner\/","title":{"rendered":"S\u00e9rie Teologia B\u00edblica &#8211; A Alian\u00e7a E O Prop\u00f3sito De Deus Para O Mundo &#8211; Thomas R. Schreiner"},"content":{"rendered":"<p>Schreiner consegue captar tanto os menores detalhes quanto o amplo alcance do feitio pactual da B\u00edblia de maneira concisa, fiel e ir\u00eanica. Este livro pode ser curto, mas \u00e9 refrescante e extremamente profundo.<\/p>\n","protected":false},"excerpt":{"rendered":"<p>Schreiner consegue captar tanto os menores detalhes quanto o amplo alcance do feitio pactual da B\u00edblia de maneira concisa, fiel&hellip;<\/p>\n","protected":false},"featured_media":345124,"comment_status":"open","ping_status":"closed","template":"","meta":[],"product_cat":[134,136],"product_tag":[],"_links":{"self":[{"href":"https:\/\/www.livrariarema.com.br\/loja\/wp-json\/wp\/v2\/product\/142099"}],"collection":[{"href":"https:\/\/www.livrariarema.com.br\/loja\/wp-json\/wp\/v2\/product"}],"about":[{"href":"https:\/\/www.livrariarema.com.br\/loja\/wp-json\/wp\/v2\/types\/product"}],"replies":[{"embeddable":true,"href":"https:\/\/www.livrariarema.com.br\/loja\/wp-json\/wp\/v2\/comments?post=142099"}],"wp:featuredmedia":[{"embeddable":true,"href":"https:\/\/www.livrariarema.com.br\/loja\/wp-json\/wp\/v2\/media\/345124"}],"wp:attachment":[{"href":"https:\/\/www.livrariarema.com.br\/loja\/wp-json\/wp\/v2\/media?parent=142099"}],"wp:term":[{"taxonomy":"product_cat","embeddable":true,"href":"https:\/\/www.livrariarema.com.br\/loja\/wp-json\/wp\/v2\/product_cat?post=142099"},{"taxonomy":"product_tag","embeddable":true,"href":"https:\/\/www.livrariarema.com.br\/loja\/wp-json\/wp\/v2\/product_tag?post=142099"}],"curies":[{"name":"wp","href":"https:\/\/api.w.org\/{rel}","templated":true}]}}