{"id":142403,"date":"2022-02-18T17:43:12","date_gmt":"2022-02-18T20:43:12","guid":{"rendered":"https:\/\/www.livrariarema.com.br\/loja\/produtos\/sem%20categoria\/biblia-apologetica-com-apocrifos-neutra\/"},"modified":"2026-04-02T12:30:36","modified_gmt":"2026-04-02T15:30:36","slug":"biblia-apologetica-com-apocrifos-neutra","status":"publish","type":"product","link":"https:\/\/www.livrariarema.com.br\/loja\/produtos\/biblias\/estudo\/biblia-apologetica-com-apocrifos-neutra\/","title":{"rendered":"B\u00edblia Apolog\u00e9tica Com Ap\u00f3crifos &#8211; Neutra"},"content":{"rendered":"<p>Para todo crist\u00e3o, t\u00e3o importante quanto crer \u00e9 saber as raz\u00f5es de sua f\u00e9. Em um mundo cada vez mais marcado pelo ate\u00edsmo e secularismo, cren\u00e7as estranhas \u00e0 B\u00edblia Sagrada e ideologias contr\u00e1rias ao Cristianismo, \u00e9 cada vez mais essencial ter os p\u00e9s firmados na verdade &#8211; por isso, a GEOGR\u00c1FICA EDITORA traz ao leitor brasileiro a nova edi\u00e7\u00e3o da B\u00edblia Apolog\u00e9tica com Ap\u00f3crifos &#8211; Edi\u00e7\u00e3o ampliada, exemplar de estudo que n\u00e3o pode faltar na estante e na cabeceira de estudiosos, l\u00edderes, pregadores, professores, evangelistas e qualquer pessoa que deseje uma vida devocional mais efetiva e elementos para falar de Jesus com maior fundamenta\u00e7\u00e3o. <br \/>\nElaborada em parceria com o Instituto Crist\u00e3o de Pesquisas (ICP), entidade que \u00e9 refer\u00eancia em apolog\u00e9tica no pa\u00eds, a B\u00edblia Apolog\u00e9tica com Ap\u00f3crifos auxilia o crist\u00e3o no conhecimento sobre seitas, heresias e doutrinas em desacordo com a genu\u00edna Palavra de Deus. Um material in\u00e9dito e completo, que fornece base s\u00f3lida para a defesa da f\u00e9 e o an\u00fancio das boas-novas do Evangelho. <br \/>\nCom texto na vers\u00e3o Almeida Revista e Corrigida 1997, a edi\u00e7\u00e3o traz, ainda, os sete livros ap\u00f3crifos, n\u00e3o inclu\u00eddos no C\u00e2non protestante e que s\u00e3o misteriosos para muitos evang\u00e9licos. Com clareza e notas apolog\u00e9ticas que explicam a natureza desses textos e por que n\u00e3o s\u00e3o considerados de inspira\u00e7\u00e3o divina, a B\u00edblia Apolog\u00e9tica com Ap\u00f3crifos oferece um panorama rico sobre as diferentes correntes religiosas e reafirma, mais uma vez, o senhorio de Jesus Cristo e a fidedignidade das Sagradas Escrituras, o maior legado de Deus \u00e0 humanidade.<\/p>\n","protected":false},"excerpt":{"rendered":"<p>Para todo crist\u00e3o, t\u00e3o importante quanto crer \u00e9 saber as raz\u00f5es de sua f\u00e9. Em um mundo cada vez mais&hellip;<\/p>\n","protected":false},"featured_media":340745,"comment_status":"open","ping_status":"closed","template":"","meta":[],"product_cat":[139,140],"product_tag":[],"_links":{"self":[{"href":"https:\/\/www.livrariarema.com.br\/loja\/wp-json\/wp\/v2\/product\/142403"}],"collection":[{"href":"https:\/\/www.livrariarema.com.br\/loja\/wp-json\/wp\/v2\/product"}],"about":[{"href":"https:\/\/www.livrariarema.com.br\/loja\/wp-json\/wp\/v2\/types\/product"}],"replies":[{"embeddable":true,"href":"https:\/\/www.livrariarema.com.br\/loja\/wp-json\/wp\/v2\/comments?post=142403"}],"wp:featuredmedia":[{"embeddable":true,"href":"https:\/\/www.livrariarema.com.br\/loja\/wp-json\/wp\/v2\/media\/340745"}],"wp:attachment":[{"href":"https:\/\/www.livrariarema.com.br\/loja\/wp-json\/wp\/v2\/media?parent=142403"}],"wp:term":[{"taxonomy":"product_cat","embeddable":true,"href":"https:\/\/www.livrariarema.com.br\/loja\/wp-json\/wp\/v2\/product_cat?post=142403"},{"taxonomy":"product_tag","embeddable":true,"href":"https:\/\/www.livrariarema.com.br\/loja\/wp-json\/wp\/v2\/product_tag?post=142403"}],"curies":[{"name":"wp","href":"https:\/\/api.w.org\/{rel}","templated":true}]}}