{"id":144127,"date":"2022-02-25T12:46:56","date_gmt":"2022-02-25T15:46:56","guid":{"rendered":"https:\/\/www.livrariarema.com.br\/loja\/produtos\/sem%20categoria\/caneca-de-porcelana-urban-360ml-muitas-felicidades-hoje-e-sempre\/"},"modified":"2026-04-28T09:16:00","modified_gmt":"2026-04-28T12:16:00","slug":"caneca-de-porcelana-urban-360ml-muitas-felicidades-hoje-e-sempre","status":"publish","type":"product","link":"https:\/\/www.livrariarema.com.br\/loja\/produtos\/diversos\/caneca\/caneca-de-porcelana-urban-360ml-muitas-felicidades-hoje-e-sempre\/","title":{"rendered":"Caneca De Porcelana &#8211; Urban 300Ml &#8211; Muitas Felicidades Hoje E Sempre"},"content":{"rendered":"<p>Momentos felizes merecem ser comemorados em grande estilo e ao lado de boas companhias!<\/p>\n<p>As Canecas Urban s\u00e3o fabricadas em porcelana de alta qualidade que garante maior durabilidade durante seu uso.  Elas s\u00e3o um item essencial em qualquer caf\u00e9-da-manh\u00e3 ou lanchinho no meio da tarde. Al\u00e9m disso d\u00e1 pra us\u00e1-la como porta treco, porta l\u00e1pis e at\u00e9 mesmo como um vasinho de plantas.<\/p>\n<p>Caracter\u00edsticas:<br \/>\nAltura: 9 cm<br \/>\nDi\u00e2metro: 8.5 cm<br \/>\nCapacidade: 300 ml<br \/>\nCont\u00e9m 1 caneca<\/p>\n<p>Cuidados:<br \/>\nLavar com \u00e1gua e sab\u00e3o neutro<br \/>\nN\u00e3o utilizar produtos qu\u00edmicos e abrasivos<br \/>\nImpactos podem danificar o produto<\/p>\n","protected":false},"excerpt":{"rendered":"<p>Momentos felizes merecem ser comemorados em grande estilo e ao lado de boas companhias! As Canecas Urban s\u00e3o fabricadas em&hellip;<\/p>\n","protected":false},"featured_media":347281,"comment_status":"open","ping_status":"closed","template":"","meta":[],"product_cat":[235,132],"product_tag":[],"_links":{"self":[{"href":"https:\/\/www.livrariarema.com.br\/loja\/wp-json\/wp\/v2\/product\/144127"}],"collection":[{"href":"https:\/\/www.livrariarema.com.br\/loja\/wp-json\/wp\/v2\/product"}],"about":[{"href":"https:\/\/www.livrariarema.com.br\/loja\/wp-json\/wp\/v2\/types\/product"}],"replies":[{"embeddable":true,"href":"https:\/\/www.livrariarema.com.br\/loja\/wp-json\/wp\/v2\/comments?post=144127"}],"wp:featuredmedia":[{"embeddable":true,"href":"https:\/\/www.livrariarema.com.br\/loja\/wp-json\/wp\/v2\/media\/347281"}],"wp:attachment":[{"href":"https:\/\/www.livrariarema.com.br\/loja\/wp-json\/wp\/v2\/media?parent=144127"}],"wp:term":[{"taxonomy":"product_cat","embeddable":true,"href":"https:\/\/www.livrariarema.com.br\/loja\/wp-json\/wp\/v2\/product_cat?post=144127"},{"taxonomy":"product_tag","embeddable":true,"href":"https:\/\/www.livrariarema.com.br\/loja\/wp-json\/wp\/v2\/product_tag?post=144127"}],"curies":[{"name":"wp","href":"https:\/\/api.w.org\/{rel}","templated":true}]}}