{"id":147900,"date":"2022-03-15T09:43:54","date_gmt":"2022-03-15T12:43:54","guid":{"rendered":"https:\/\/www.livrariarema.com.br\/loja\/produtos\/sem categoria\/amigos-de-deus-ser-agradecido-sou-grato\/"},"modified":"2024-10-11T05:15:14","modified_gmt":"2024-10-11T08:15:14","slug":"amigos-de-deus-ser-agradecido-sou-grato","status":"publish","type":"product","link":"https:\/\/www.livrariarema.com.br\/loja\/produtos\/livros\/educacao-crista\/amigos-de-deus-ser-agradecido-sou-grato\/","title":{"rendered":"Amigos De Deus: Ser Agradecido &#8211; Sou Grato"},"content":{"rendered":"<p>Quando nos tornamos amigos de Deus, conhecemos o que ele tem de melhor para n\u00f3s. Sua bondade, seu amor, seus planos e prop\u00f3sitos a nosso respeito s\u00e3o infinitos. Caminhando com ele, lendo a sua palavra, descobrimos qu\u00e3o importante \u00e9 ser agradecido, e entendemos que essa pr\u00e1tica se refere \u00e0 alian\u00e7a que temos com o Pai. De maneira envolvente, cada hist\u00f3ria revela o quanto \u00e9 bom sermos amigos de Deus.<\/p>\n","protected":false},"excerpt":{"rendered":"<p>Quando nos tornamos amigos de Deus, conhecemos o que ele tem de melhor para n\u00f3s. Sua bondade, seu amor, seus&hellip;<\/p>\n","protected":false},"featured_media":211222,"comment_status":"open","ping_status":"closed","template":"","meta":[],"product_cat":[169,134],"product_tag":[],"_links":{"self":[{"href":"https:\/\/www.livrariarema.com.br\/loja\/wp-json\/wp\/v2\/product\/147900"}],"collection":[{"href":"https:\/\/www.livrariarema.com.br\/loja\/wp-json\/wp\/v2\/product"}],"about":[{"href":"https:\/\/www.livrariarema.com.br\/loja\/wp-json\/wp\/v2\/types\/product"}],"replies":[{"embeddable":true,"href":"https:\/\/www.livrariarema.com.br\/loja\/wp-json\/wp\/v2\/comments?post=147900"}],"wp:featuredmedia":[{"embeddable":true,"href":"https:\/\/www.livrariarema.com.br\/loja\/wp-json\/wp\/v2\/media\/211222"}],"wp:attachment":[{"href":"https:\/\/www.livrariarema.com.br\/loja\/wp-json\/wp\/v2\/media?parent=147900"}],"wp:term":[{"taxonomy":"product_cat","embeddable":true,"href":"https:\/\/www.livrariarema.com.br\/loja\/wp-json\/wp\/v2\/product_cat?post=147900"},{"taxonomy":"product_tag","embeddable":true,"href":"https:\/\/www.livrariarema.com.br\/loja\/wp-json\/wp\/v2\/product_tag?post=147900"}],"curies":[{"name":"wp","href":"https:\/\/api.w.org\/{rel}","templated":true}]}}