{"id":147982,"date":"2022-03-15T11:53:25","date_gmt":"2022-03-15T14:53:25","guid":{"rendered":"https:\/\/www.livrariarema.com.br\/loja\/produtos\/sem categoria\/infograficos-da-biblia\/"},"modified":"2026-03-23T13:42:43","modified_gmt":"2026-03-23T16:42:43","slug":"infograficos-da-biblia","status":"publish","type":"product","link":"https:\/\/www.livrariarema.com.br\/loja\/produtos\/livros\/infantil\/infograficos-da-biblia\/","title":{"rendered":"Infogr\u00e1ficos Da B\u00edblia"},"content":{"rendered":"<p>Esta incr\u00edvel cole\u00e7\u00e3o de infogr\u00e1ficos retrata a hist\u00f3ria da b\u00edblia de uma maneira nova e emocionante! Ent\u00e3o mergulhe e explore a b\u00edblia como nunca antes!<\/p>\n","protected":false},"excerpt":{"rendered":"<p>Esta incr\u00edvel cole\u00e7\u00e3o de infogr\u00e1ficos retrata a hist\u00f3ria da b\u00edblia de uma maneira nova e emocionante! Ent\u00e3o mergulhe e explore&hellip;<\/p>\n","protected":false},"featured_media":344404,"comment_status":"open","ping_status":"closed","template":"","meta":[],"product_cat":[144,134],"product_tag":[],"_links":{"self":[{"href":"https:\/\/www.livrariarema.com.br\/loja\/wp-json\/wp\/v2\/product\/147982"}],"collection":[{"href":"https:\/\/www.livrariarema.com.br\/loja\/wp-json\/wp\/v2\/product"}],"about":[{"href":"https:\/\/www.livrariarema.com.br\/loja\/wp-json\/wp\/v2\/types\/product"}],"replies":[{"embeddable":true,"href":"https:\/\/www.livrariarema.com.br\/loja\/wp-json\/wp\/v2\/comments?post=147982"}],"wp:featuredmedia":[{"embeddable":true,"href":"https:\/\/www.livrariarema.com.br\/loja\/wp-json\/wp\/v2\/media\/344404"}],"wp:attachment":[{"href":"https:\/\/www.livrariarema.com.br\/loja\/wp-json\/wp\/v2\/media?parent=147982"}],"wp:term":[{"taxonomy":"product_cat","embeddable":true,"href":"https:\/\/www.livrariarema.com.br\/loja\/wp-json\/wp\/v2\/product_cat?post=147982"},{"taxonomy":"product_tag","embeddable":true,"href":"https:\/\/www.livrariarema.com.br\/loja\/wp-json\/wp\/v2\/product_tag?post=147982"}],"curies":[{"name":"wp","href":"https:\/\/api.w.org\/{rel}","templated":true}]}}