{"id":149419,"date":"2022-03-18T10:57:46","date_gmt":"2022-03-18T13:57:46","guid":{"rendered":"https:\/\/www.livrariarema.com.br\/loja\/produtos\/sem categoria\/365-caca-palavras-biblico\/"},"modified":"2026-03-30T16:55:34","modified_gmt":"2026-03-30T19:55:34","slug":"365-caca-palavras-biblico","status":"publish","type":"product","link":"https:\/\/www.livrariarema.com.br\/loja\/produtos\/livros\/cruzadas-caca-palavras-jogos\/365-caca-palavras-biblico\/","title":{"rendered":"365 Ca\u00e7a-Palavras B\u00edblico"},"content":{"rendered":"<p>Enrique\u00e7a seu vocabul\u00e1rio, melhore sua mem\u00f3ria e desenvolva seu racioc\u00ednio enquanto se diverte com os incr\u00edveis 365 ca\u00e7a-palavras b\u00edblico, com diagramas para voc\u00ea encontrar palavras das hist\u00f3rias b\u00edblicas sobre f\u00e9, bondade e amor.<\/p>\n","protected":false},"excerpt":{"rendered":"<p>Enrique\u00e7a seu vocabul\u00e1rio, melhore sua mem\u00f3ria e desenvolva seu racioc\u00ednio enquanto se diverte com os incr\u00edveis 365 ca\u00e7a-palavras b\u00edblico, com&hellip;<\/p>\n","protected":false},"featured_media":346612,"comment_status":"open","ping_status":"closed","template":"","meta":[],"product_cat":[338,134],"product_tag":[],"_links":{"self":[{"href":"https:\/\/www.livrariarema.com.br\/loja\/wp-json\/wp\/v2\/product\/149419"}],"collection":[{"href":"https:\/\/www.livrariarema.com.br\/loja\/wp-json\/wp\/v2\/product"}],"about":[{"href":"https:\/\/www.livrariarema.com.br\/loja\/wp-json\/wp\/v2\/types\/product"}],"replies":[{"embeddable":true,"href":"https:\/\/www.livrariarema.com.br\/loja\/wp-json\/wp\/v2\/comments?post=149419"}],"wp:featuredmedia":[{"embeddable":true,"href":"https:\/\/www.livrariarema.com.br\/loja\/wp-json\/wp\/v2\/media\/346612"}],"wp:attachment":[{"href":"https:\/\/www.livrariarema.com.br\/loja\/wp-json\/wp\/v2\/media?parent=149419"}],"wp:term":[{"taxonomy":"product_cat","embeddable":true,"href":"https:\/\/www.livrariarema.com.br\/loja\/wp-json\/wp\/v2\/product_cat?post=149419"},{"taxonomy":"product_tag","embeddable":true,"href":"https:\/\/www.livrariarema.com.br\/loja\/wp-json\/wp\/v2\/product_tag?post=149419"}],"curies":[{"name":"wp","href":"https:\/\/api.w.org\/{rel}","templated":true}]}}