{"id":149825,"date":"2022-03-21T09:49:01","date_gmt":"2022-03-21T12:49:01","guid":{"rendered":"https:\/\/www.livrariarema.com.br\/loja\/produtos\/sem categoria\/aprenda-e-crie-seu-lettering-com-dicas-da-juh\/"},"modified":"2025-11-26T10:30:37","modified_gmt":"2025-11-26T13:30:37","slug":"aprenda-e-crie-seu-lettering-com-dicas-da-juh","status":"publish","type":"product","link":"https:\/\/www.livrariarema.com.br\/loja\/produtos\/papelaria\/bloco\/aprenda-e-crie-seu-lettering-com-dicas-da-juh\/","title":{"rendered":"Aprenda E Crie Seu Lettering Com Dicas Da Juh"},"content":{"rendered":"<p>Revele o artista que existe em voc\u00ea seguindo as dicas e os macetes da Juh presentes neste livro! Crie seu pr\u00f3prio lettering de forma pr\u00e1tica e criativa, transmitindo mensagens inspiracionais, cheias de sentimentos e significados. Use as folhas de treino para fazer diferentes tipos de letras e deixar seu lettering simplesmente sensacional!<\/p>\n","protected":false},"excerpt":{"rendered":"<p>Revele o artista que existe em voc\u00ea seguindo as dicas e os macetes da Juh presentes neste livro! Crie seu&hellip;<\/p>\n","protected":false},"featured_media":320528,"comment_status":"open","ping_status":"closed","template":"","meta":[],"product_cat":[239,215],"product_tag":[],"_links":{"self":[{"href":"https:\/\/www.livrariarema.com.br\/loja\/wp-json\/wp\/v2\/product\/149825"}],"collection":[{"href":"https:\/\/www.livrariarema.com.br\/loja\/wp-json\/wp\/v2\/product"}],"about":[{"href":"https:\/\/www.livrariarema.com.br\/loja\/wp-json\/wp\/v2\/types\/product"}],"replies":[{"embeddable":true,"href":"https:\/\/www.livrariarema.com.br\/loja\/wp-json\/wp\/v2\/comments?post=149825"}],"wp:featuredmedia":[{"embeddable":true,"href":"https:\/\/www.livrariarema.com.br\/loja\/wp-json\/wp\/v2\/media\/320528"}],"wp:attachment":[{"href":"https:\/\/www.livrariarema.com.br\/loja\/wp-json\/wp\/v2\/media?parent=149825"}],"wp:term":[{"taxonomy":"product_cat","embeddable":true,"href":"https:\/\/www.livrariarema.com.br\/loja\/wp-json\/wp\/v2\/product_cat?post=149825"},{"taxonomy":"product_tag","embeddable":true,"href":"https:\/\/www.livrariarema.com.br\/loja\/wp-json\/wp\/v2\/product_tag?post=149825"}],"curies":[{"name":"wp","href":"https:\/\/api.w.org\/{rel}","templated":true}]}}