{"id":149868,"date":"2022-03-21T10:58:26","date_gmt":"2022-03-21T13:58:26","guid":{"rendered":"https:\/\/www.livrariarema.com.br\/loja\/produtos\/sem categoria\/biblia-de-toda-mulher-naa-arabesco\/"},"modified":"2026-02-09T14:02:41","modified_gmt":"2026-02-09T17:02:41","slug":"biblia-de-toda-mulher-naa-arabesco","status":"publish","type":"product","link":"https:\/\/www.livrariarema.com.br\/loja\/produtos\/biblias\/nova-almeida-atualizada\/biblia-de-toda-mulher-naa-arabesco\/","title":{"rendered":"Biblia De Toda Mulher &#8211; Naa &#8211; Arabesco"},"content":{"rendered":"<p>Nos momentos em que nada faz sentido e nossa mente se esfor\u00e7a para compreender um \u00fanico vers\u00edculo, parece que tudo o que quer\u00edamos era ter algu\u00e9m ao nosso lado, durante a leitura, expondo suas impress\u00f5es sobre o assunto. E seria melhor ainda se essa pessoa fosse como n\u00f3s, uma mulher que, mesmo com outras vis\u00f5es, tivesse uma percep\u00e7\u00e3o do mundo amparada pelas Escrituras e tamb\u00e9m enfrentasse os dilemas do universo feminino. <\/p>\n<p>A boa not\u00edcia \u00e9 que isso existe! A B\u00edblia de Toda Mulher foi idealizada e constru\u00edda pelas mais diferentes mulheres que atuam em v\u00e1rias \u00e1reas da sociedade, mas que t\u00eam algo em comum: o amor pelo Senhor e pela Sua Palavra. Nela, voc\u00ea encontrar\u00e1 reflex\u00f5es, dicas e testemunhos em centenas de artigos baseados nos textos b\u00edblicos, e sempre acompanhados de dicas pr\u00e1ticas para lhe incentivar ainda mais.<\/p>\n<p>N\u00e3o importa se faz muito tempo que voc\u00ea j\u00e1 conhece a Palavra de Deus, ou se essa \u00e9 a sua primeira oportunidade. Esse \u00e9 o lugar para encontrar descanso ao cora\u00e7\u00e3o, encorajamento para os dias dif\u00edceis e, at\u00e9 mesmo, as corre\u00e7\u00f5es necess\u00e1rias para os erros no meio do caminho, pois a B\u00edblia \u00e9 a fonte da \u00fanica verdade: Jesus<br \/><\/p>\n","protected":false},"excerpt":{"rendered":"<p>Nos momentos em que nada faz sentido e nossa mente se esfor\u00e7a para compreender um \u00fanico vers\u00edculo, parece que tudo&hellip;<\/p>\n","protected":false},"featured_media":0,"comment_status":"open","ping_status":"closed","template":"","meta":[],"product_cat":[139,174],"product_tag":[],"_links":{"self":[{"href":"https:\/\/www.livrariarema.com.br\/loja\/wp-json\/wp\/v2\/product\/149868"}],"collection":[{"href":"https:\/\/www.livrariarema.com.br\/loja\/wp-json\/wp\/v2\/product"}],"about":[{"href":"https:\/\/www.livrariarema.com.br\/loja\/wp-json\/wp\/v2\/types\/product"}],"replies":[{"embeddable":true,"href":"https:\/\/www.livrariarema.com.br\/loja\/wp-json\/wp\/v2\/comments?post=149868"}],"wp:attachment":[{"href":"https:\/\/www.livrariarema.com.br\/loja\/wp-json\/wp\/v2\/media?parent=149868"}],"wp:term":[{"taxonomy":"product_cat","embeddable":true,"href":"https:\/\/www.livrariarema.com.br\/loja\/wp-json\/wp\/v2\/product_cat?post=149868"},{"taxonomy":"product_tag","embeddable":true,"href":"https:\/\/www.livrariarema.com.br\/loja\/wp-json\/wp\/v2\/product_tag?post=149868"}],"curies":[{"name":"wp","href":"https:\/\/api.w.org\/{rel}","templated":true}]}}