{"id":150837,"date":"2022-03-24T09:30:29","date_gmt":"2022-03-24T12:30:29","guid":{"rendered":"https:\/\/www.livrariarema.com.br\/loja\/produtos\/sem%20categoria\/lapis-preto-cis-abracadinhos\/"},"modified":"2026-03-31T13:51:32","modified_gmt":"2026-03-31T16:51:32","slug":"lapis-preto-cis-abracadinhos","status":"publish","type":"product","link":"https:\/\/www.livrariarema.com.br\/loja\/produtos\/promocao\/papelaria-promocao\/lapis-preto-cis-abracadinhos\/","title":{"rendered":"L\u00e1pis Preto &#8211; Cis &#8211; Hb &#8211; Abra\u00e7adinhos"},"content":{"rendered":"<p>L\u00e1pis preto fantasia Abra\u00e7adinhos &#8211; unidade &#8211; Cis<\/p>\n<p>Detalhes<br \/>\n&#8211; Gradua\u00e7\u00e3o: HB<br \/>\n&#8211; Borracha no topo<\/p>\n<p>Cores Sortidas, ser\u00e1 enviado de acordo com disponibilidade do estoque.<\/p>\n<p>Registro Inmetro 002 851\/2018<\/p>\n","protected":false},"excerpt":{"rendered":"<p>L\u00e1pis preto fantasia Abra\u00e7adinhos &#8211; unidade &#8211; Cis Detalhes &#8211; Gradua\u00e7\u00e3o: HB &#8211; Borracha no topo Cores Sortidas, ser\u00e1 enviado&hellip;<\/p>\n","protected":false},"featured_media":342887,"comment_status":"open","ping_status":"closed","template":"","meta":[],"product_cat":[307,142],"product_tag":[],"_links":{"self":[{"href":"https:\/\/www.livrariarema.com.br\/loja\/wp-json\/wp\/v2\/product\/150837"}],"collection":[{"href":"https:\/\/www.livrariarema.com.br\/loja\/wp-json\/wp\/v2\/product"}],"about":[{"href":"https:\/\/www.livrariarema.com.br\/loja\/wp-json\/wp\/v2\/types\/product"}],"replies":[{"embeddable":true,"href":"https:\/\/www.livrariarema.com.br\/loja\/wp-json\/wp\/v2\/comments?post=150837"}],"wp:featuredmedia":[{"embeddable":true,"href":"https:\/\/www.livrariarema.com.br\/loja\/wp-json\/wp\/v2\/media\/342887"}],"wp:attachment":[{"href":"https:\/\/www.livrariarema.com.br\/loja\/wp-json\/wp\/v2\/media?parent=150837"}],"wp:term":[{"taxonomy":"product_cat","embeddable":true,"href":"https:\/\/www.livrariarema.com.br\/loja\/wp-json\/wp\/v2\/product_cat?post=150837"},{"taxonomy":"product_tag","embeddable":true,"href":"https:\/\/www.livrariarema.com.br\/loja\/wp-json\/wp\/v2\/product_tag?post=150837"}],"curies":[{"name":"wp","href":"https:\/\/api.w.org\/{rel}","templated":true}]}}