{"id":150838,"date":"2022-03-24T09:30:33","date_gmt":"2022-03-24T12:30:33","guid":{"rendered":"https:\/\/www.livrariarema.com.br\/loja\/produtos\/sem%20categoria\/lapis-preto-cis-borrachas-divertidas\/"},"modified":"2026-04-01T13:21:55","modified_gmt":"2026-04-01T16:21:55","slug":"lapis-preto-cis-borrachas-divertidas","status":"publish","type":"product","link":"https:\/\/www.livrariarema.com.br\/loja\/produtos\/promocao\/papelaria-promocao\/lapis-preto-cis-borrachas-divertidas\/","title":{"rendered":"L\u00e1pis Preto &#8211; Cis &#8211; Hb &#8211; Borrachas Divertidas"},"content":{"rendered":"<p>Detalhes<br \/>\n&#8211; Gradua\u00e7\u00e3o: HB<br \/>\n&#8211; Borracha no topo<\/p>\n<p>Cores Sortidas, ser\u00e1 enviado de acordo com disponibilidade do estoque.<\/p>\n<p>Registro Inmetro 002 851\/2018<\/p>\n","protected":false},"excerpt":{"rendered":"<p>Detalhes &#8211; Gradua\u00e7\u00e3o: HB &#8211; Borracha no topo Cores Sortidas, ser\u00e1 enviado de acordo com disponibilidade do estoque. Registro Inmetro&hellip;<\/p>\n","protected":false},"featured_media":342888,"comment_status":"open","ping_status":"closed","template":"","meta":[],"product_cat":[307,142],"product_tag":[],"_links":{"self":[{"href":"https:\/\/www.livrariarema.com.br\/loja\/wp-json\/wp\/v2\/product\/150838"}],"collection":[{"href":"https:\/\/www.livrariarema.com.br\/loja\/wp-json\/wp\/v2\/product"}],"about":[{"href":"https:\/\/www.livrariarema.com.br\/loja\/wp-json\/wp\/v2\/types\/product"}],"replies":[{"embeddable":true,"href":"https:\/\/www.livrariarema.com.br\/loja\/wp-json\/wp\/v2\/comments?post=150838"}],"wp:featuredmedia":[{"embeddable":true,"href":"https:\/\/www.livrariarema.com.br\/loja\/wp-json\/wp\/v2\/media\/342888"}],"wp:attachment":[{"href":"https:\/\/www.livrariarema.com.br\/loja\/wp-json\/wp\/v2\/media?parent=150838"}],"wp:term":[{"taxonomy":"product_cat","embeddable":true,"href":"https:\/\/www.livrariarema.com.br\/loja\/wp-json\/wp\/v2\/product_cat?post=150838"},{"taxonomy":"product_tag","embeddable":true,"href":"https:\/\/www.livrariarema.com.br\/loja\/wp-json\/wp\/v2\/product_tag?post=150838"}],"curies":[{"name":"wp","href":"https:\/\/api.w.org\/{rel}","templated":true}]}}