{"id":151163,"date":"2022-03-26T10:37:54","date_gmt":"2022-03-26T13:37:54","guid":{"rendered":"https:\/\/www.livrariarema.com.br\/loja\/produtos\/sem%20categoria\/biblia-leitura-perfeita-letra-grande-nvi-azul\/"},"modified":"2026-02-24T12:28:03","modified_gmt":"2026-02-24T15:28:03","slug":"biblia-leitura-perfeita-letra-grande-nvi-azul","status":"publish","type":"product","link":"https:\/\/www.livrariarema.com.br\/loja\/produtos\/biblias\/nvi\/biblia-leitura-perfeita-letra-grande-nvi-azul\/","title":{"rendered":"B\u00edblia Leitura Perfeita &#8211; Nvi &#8211; Com Espa\u00e7o Para Anota\u00e7\u00f5es &#8211; Letra Grande &#8211; Azul"},"content":{"rendered":"<p>&#8220;Quantas vezes estamos na igreja e ouvimos algo t\u00e3o tocante que queremos registrar, mas n\u00e3o podemos porque n\u00e3o temos onde anotar? Voc\u00ea at\u00e9 gostaria de escrever na pr\u00f3pria B\u00edblia, para que aquela informa\u00e7\u00e3o complementasse seus estudos b\u00edblicos, mas ela n\u00e3o tem espa\u00e7o. Esta B\u00edblia chegou para resolver esse problema. Pensada para voc\u00ea que gosta de registrar coment\u00e1rios e anota\u00e7\u00f5es que enrique\u00e7am a compreens\u00e3o do texto b\u00edblico, Sua B\u00edblia foi elaborada, agora em letra grande e com textos dispostos em coluna \u00fanica, para incluir anota\u00e7\u00f5es sem prejudicar a leitura das Escrituras. Com papel diferenciado que d\u00e1 mais destaque \u00e0s suas anota\u00e7\u00f5es e mais visibilidade ao texto, gra\u00e7as \u00e0 fonte Leitura Perfeita, especialmente desenvolvida pela Thomas Nelson Brasil, esta \u00e9 a ferramenta ideal para aqueles que desejam aprofundar seu relacionamento com a Palavra.&#8221;<\/p>\n","protected":false},"excerpt":{"rendered":"<p>&#8220;Quantas vezes estamos na igreja e ouvimos algo t\u00e3o tocante que queremos registrar, mas n\u00e3o podemos porque n\u00e3o temos onde&hellip;<\/p>\n","protected":false},"featured_media":345339,"comment_status":"open","ping_status":"closed","template":"","meta":[],"product_cat":[139,166],"product_tag":[],"_links":{"self":[{"href":"https:\/\/www.livrariarema.com.br\/loja\/wp-json\/wp\/v2\/product\/151163"}],"collection":[{"href":"https:\/\/www.livrariarema.com.br\/loja\/wp-json\/wp\/v2\/product"}],"about":[{"href":"https:\/\/www.livrariarema.com.br\/loja\/wp-json\/wp\/v2\/types\/product"}],"replies":[{"embeddable":true,"href":"https:\/\/www.livrariarema.com.br\/loja\/wp-json\/wp\/v2\/comments?post=151163"}],"wp:featuredmedia":[{"embeddable":true,"href":"https:\/\/www.livrariarema.com.br\/loja\/wp-json\/wp\/v2\/media\/345339"}],"wp:attachment":[{"href":"https:\/\/www.livrariarema.com.br\/loja\/wp-json\/wp\/v2\/media?parent=151163"}],"wp:term":[{"taxonomy":"product_cat","embeddable":true,"href":"https:\/\/www.livrariarema.com.br\/loja\/wp-json\/wp\/v2\/product_cat?post=151163"},{"taxonomy":"product_tag","embeddable":true,"href":"https:\/\/www.livrariarema.com.br\/loja\/wp-json\/wp\/v2\/product_tag?post=151163"}],"curies":[{"name":"wp","href":"https:\/\/api.w.org\/{rel}","templated":true}]}}