{"id":151357,"date":"2022-03-26T12:06:09","date_gmt":"2022-03-26T15:06:09","guid":{"rendered":"https:\/\/www.livrariarema.com.br\/loja\/produtos\/sem%20categoria\/regresso-do-peregrino-o-c-s-lewis-2\/"},"modified":"2026-02-24T17:22:27","modified_gmt":"2026-02-24T20:22:27","slug":"regresso-do-peregrino-o-c-s-lewis-2","status":"publish","type":"product","link":"https:\/\/www.livrariarema.com.br\/loja\/produtos\/livros\/vida-crista\/regresso-do-peregrino-o-c-s-lewis-2\/","title":{"rendered":"Regresso Do Peregrino, O &#8211; C. S. Lewis"},"content":{"rendered":"<p>O primeiro livro publicado por C. S.Lewis ap\u00f3s sua convers\u00e3o, O regresso do Peregrino \u00e9, de uma certa maneira, a ficcionaliza\u00e7\u00e3o da busca do autor por uma satisfa\u00e7\u00e3o espiritual que, eventualmente, o levou ao cristianismo. Sem ficar preso unicamente \u00e0 sua experi\u00eancia pessoal, Lewis amplia o escopo de sua hist\u00f3ria ao representar a natural busca humana pela satisfa\u00e7\u00e3o &#8211; e a consequente desilus\u00e3o.<\/p>\n<p>Claramente baseada em O Peregrino, o cl\u00e1ssico de John Bunyan, o livro retrata de modo contundente as v\u00e1rias correntes teol\u00f3gicas e o temperamento da \u00e9poca, por meio da passagem do protagonista por lugares como a cidade de Ca\u00e7aplauso, o planalto da Igreja Alta e os long\u00ednquos p\u00e2ntanos dos teosofistas. Como disse o pr\u00f3prio autor: &#8220;toda boa alegoria n\u00e3o existe para ocultar, mas para revelar; tornar o mundo interno mais palp\u00e1vel&#8221;. Nas habilidosas m\u00e3os de Lewis, esta alegoria transforma-se em poderosa defesa apolog\u00e9tica da f\u00e9 crist\u00e3.<\/p>\n","protected":false},"excerpt":{"rendered":"<p>O primeiro livro publicado por C. S.Lewis ap\u00f3s sua convers\u00e3o, O regresso do Peregrino \u00e9, de uma certa maneira, a&hellip;<\/p>\n","protected":false},"featured_media":345396,"comment_status":"open","ping_status":"closed","template":"","meta":[],"product_cat":[134,137],"product_tag":[],"_links":{"self":[{"href":"https:\/\/www.livrariarema.com.br\/loja\/wp-json\/wp\/v2\/product\/151357"}],"collection":[{"href":"https:\/\/www.livrariarema.com.br\/loja\/wp-json\/wp\/v2\/product"}],"about":[{"href":"https:\/\/www.livrariarema.com.br\/loja\/wp-json\/wp\/v2\/types\/product"}],"replies":[{"embeddable":true,"href":"https:\/\/www.livrariarema.com.br\/loja\/wp-json\/wp\/v2\/comments?post=151357"}],"wp:featuredmedia":[{"embeddable":true,"href":"https:\/\/www.livrariarema.com.br\/loja\/wp-json\/wp\/v2\/media\/345396"}],"wp:attachment":[{"href":"https:\/\/www.livrariarema.com.br\/loja\/wp-json\/wp\/v2\/media?parent=151357"}],"wp:term":[{"taxonomy":"product_cat","embeddable":true,"href":"https:\/\/www.livrariarema.com.br\/loja\/wp-json\/wp\/v2\/product_cat?post=151357"},{"taxonomy":"product_tag","embeddable":true,"href":"https:\/\/www.livrariarema.com.br\/loja\/wp-json\/wp\/v2\/product_tag?post=151357"}],"curies":[{"name":"wp","href":"https:\/\/api.w.org\/{rel}","templated":true}]}}