{"id":151361,"date":"2022-03-26T12:06:18","date_gmt":"2022-03-26T15:06:18","guid":{"rendered":"https:\/\/www.livrariarema.com.br\/loja\/produtos\/sem%20categoria\/vivendo-uma-vida-com-proposito-sheila-walsh\/"},"modified":"2026-03-04T12:32:48","modified_gmt":"2026-03-04T15:32:48","slug":"vivendo-uma-vida-com-proposito-sheila-walsh","status":"publish","type":"product","link":"https:\/\/www.livrariarema.com.br\/loja\/produtos\/livros\/mulher\/vivendo-uma-vida-com-proposito-sheila-walsh\/","title":{"rendered":"Vivendo Uma Vida Com Prop\u00f3sito &#8211; Sheila Walsh"},"content":{"rendered":"<p>Qual \u00e9 o prop\u00f3sito e a vontade de Deus para nossas vidas?<\/p>\n<p>Todos os dias confrontamo-nos com grandes e pequenas decis\u00f5es que afetam o curso de nossas vidas e nossa espiritualidade. Desejamos fazer algo de valor, capaz de nos distinguir e deixar um legado duradouro para aqueles que nos seguem. Contudo, em todos os nossos esfor\u00e7os queremos saber se estamos percorrendo o caminho que Deus nos ordenou.<br \/>\nEm Vivendo uma vida com prop\u00f3sito, as mulheres crist\u00e3s aprender\u00e3o o que a B\u00edblia tem a dizer sobre conhecer verdadeiramente os planos de Deus para sua vida. A partir dos doze estudos aqui contidos, elas entender\u00e3o como ouvir a voz do Senhor, submeter sua vontade a Ele e operar no tempo Dele. No final, descobrir\u00e3o que seguir a Deus \u00e9 uma grande aventura que as levar\u00e1 a lugares que nunca imaginaram!<br \/>\nA s\u00e9rie &#8220;Estudos b\u00edblicos Mulher de F\u00e9&#8221;, lan\u00e7ada pela Thomas Nelson Brasil, oferece ferramentas para as leitoras aprofundarem seu conhecimento da B\u00edblia, fortalecerem sua f\u00e9 e se aproximarem de Deus. Apresentada pela best-seller Sheila Walsh, revela-se um valioso recurso para estudo em grupos femininos, encontros de discipulado e tamb\u00e9m para mulheres que desejam aprofundar seu momento devocional.<\/p>\n","protected":false},"excerpt":{"rendered":"<p>Qual \u00e9 o prop\u00f3sito e a vontade de Deus para nossas vidas? Todos os dias confrontamo-nos com grandes e pequenas&hellip;<\/p>\n","protected":false},"featured_media":345802,"comment_status":"open","ping_status":"closed","template":"","meta":[],"product_cat":[134,170],"product_tag":[],"_links":{"self":[{"href":"https:\/\/www.livrariarema.com.br\/loja\/wp-json\/wp\/v2\/product\/151361"}],"collection":[{"href":"https:\/\/www.livrariarema.com.br\/loja\/wp-json\/wp\/v2\/product"}],"about":[{"href":"https:\/\/www.livrariarema.com.br\/loja\/wp-json\/wp\/v2\/types\/product"}],"replies":[{"embeddable":true,"href":"https:\/\/www.livrariarema.com.br\/loja\/wp-json\/wp\/v2\/comments?post=151361"}],"wp:featuredmedia":[{"embeddable":true,"href":"https:\/\/www.livrariarema.com.br\/loja\/wp-json\/wp\/v2\/media\/345802"}],"wp:attachment":[{"href":"https:\/\/www.livrariarema.com.br\/loja\/wp-json\/wp\/v2\/media?parent=151361"}],"wp:term":[{"taxonomy":"product_cat","embeddable":true,"href":"https:\/\/www.livrariarema.com.br\/loja\/wp-json\/wp\/v2\/product_cat?post=151361"},{"taxonomy":"product_tag","embeddable":true,"href":"https:\/\/www.livrariarema.com.br\/loja\/wp-json\/wp\/v2\/product_tag?post=151361"}],"curies":[{"name":"wp","href":"https:\/\/api.w.org\/{rel}","templated":true}]}}