{"id":151832,"date":"2022-03-30T12:39:24","date_gmt":"2022-03-30T15:39:24","guid":{"rendered":"https:\/\/www.livrariarema.com.br\/loja\/produtos\/sem%20categoria\/atributos-de-deus-os-uma-viagem-ao-coracao-do-pai-vol-2-a-w-tozer\/"},"modified":"2025-10-14T10:29:14","modified_gmt":"2025-10-14T13:29:14","slug":"atributos-de-deus-os-uma-viagem-ao-coracao-do-pai-vol-2-a-w-tozer","status":"publish","type":"product","link":"https:\/\/www.livrariarema.com.br\/loja\/produtos\/livros\/vida-crista\/atributos-de-deus-os-uma-viagem-ao-coracao-do-pai-vol-2-a-w-tozer\/","title":{"rendered":"Atributos De Deus, Os &#8211; Uma Viagem Ao Cora\u00e7\u00e3o Do Pai &#8211; Vol 2 &#8211;  A. W. Tozer"},"content":{"rendered":"<p>Para A. W. Tozer, n\u00e3o h\u00e1 pergunta mais importante do que: &#8220;Como \u00e9 Deus?&#8221;. <br \/>\nO desejo de conhecer a Deus consumiu sua vida e seu minist\u00e9rio. \u00c9 por isso que aqueles que o leem conhecem a Deus mais intimamente.<br \/>\nOriginalmente pregado como serm\u00f5es para a congrega\u00e7\u00e3o da Avenue Road em Toronto, esta continua\u00e7\u00e3o de Os atributos de Deus I examina mais dez atributos de Deus. <br \/>\nTamb\u00e9m inclui um guia de estudo para uma an\u00e1lise aprofundada de cada atributo:<br \/>\n&#8211; Autoexistente <br \/>\n&#8211; Transcendente<br \/> <br \/>\n&#8211; Eterno<br \/>\n&#8211; Onipotente <br \/>\n&#8211; Imut\u00e1vel <br \/>\n&#8211; Onisciente<br \/>\n&#8211; S\u00e1bio <br \/>\n&#8211; Soberano<br \/> <br \/>\n&#8211; Fiel <br \/>\n&#8211; Amoroso<\/p>\n<p>Embebido nas Escrituras e cheio do Esp\u00edrito, Tozer pregou com<br \/>\nclareza e poder impressionantes. O sentido de seus serm\u00f5es<br \/>\ntransparece em cada p\u00e1gina, trazendo a Palavra de Deus at\u00e9 voc\u00ea.<\/p>\n","protected":false},"excerpt":{"rendered":"<p>Para A. W. Tozer, n\u00e3o h\u00e1 pergunta mais importante do que: &#8220;Como \u00e9 Deus?&#8221;. O desejo de conhecer a Deus&hellip;<\/p>\n","protected":false},"featured_media":330710,"comment_status":"open","ping_status":"closed","template":"","meta":[],"product_cat":[134,137],"product_tag":[],"_links":{"self":[{"href":"https:\/\/www.livrariarema.com.br\/loja\/wp-json\/wp\/v2\/product\/151832"}],"collection":[{"href":"https:\/\/www.livrariarema.com.br\/loja\/wp-json\/wp\/v2\/product"}],"about":[{"href":"https:\/\/www.livrariarema.com.br\/loja\/wp-json\/wp\/v2\/types\/product"}],"replies":[{"embeddable":true,"href":"https:\/\/www.livrariarema.com.br\/loja\/wp-json\/wp\/v2\/comments?post=151832"}],"wp:featuredmedia":[{"embeddable":true,"href":"https:\/\/www.livrariarema.com.br\/loja\/wp-json\/wp\/v2\/media\/330710"}],"wp:attachment":[{"href":"https:\/\/www.livrariarema.com.br\/loja\/wp-json\/wp\/v2\/media?parent=151832"}],"wp:term":[{"taxonomy":"product_cat","embeddable":true,"href":"https:\/\/www.livrariarema.com.br\/loja\/wp-json\/wp\/v2\/product_cat?post=151832"},{"taxonomy":"product_tag","embeddable":true,"href":"https:\/\/www.livrariarema.com.br\/loja\/wp-json\/wp\/v2\/product_tag?post=151832"}],"curies":[{"name":"wp","href":"https:\/\/api.w.org\/{rel}","templated":true}]}}