{"id":151834,"date":"2022-03-30T12:39:34","date_gmt":"2022-03-30T15:39:34","guid":{"rendered":"https:\/\/www.livrariarema.com.br\/loja\/produtos\/sem categoria\/depois-do-fim-esdras-savioli\/"},"modified":"2026-05-06T15:22:10","modified_gmt":"2026-05-06T18:22:10","slug":"depois-do-fim-esdras-savioli","status":"publish","type":"product","link":"https:\/\/www.livrariarema.com.br\/loja\/produtos\/promocao\/livros-promocao\/depois-do-fim-esdras-savioli\/","title":{"rendered":"Depois Do Fim &#8211; Esdras Savioli"},"content":{"rendered":"<p>Neste livro, Esdras Savioli, por meio de um interessante texto repleto de coment\u00e1rios, destrincha assuntos e t\u00f3picos que muitos acreditam n\u00e3o haver resposta. Uma obra que envolve o leitor e o faz se sentir participante junto com o autor.<br \/>\nComo muitos, Esdras j\u00e1 se questionou sobre a veracidade da B\u00edblia Sagrada, por isso resolveu estud\u00e1-la de maneira ostensiva, e agora compartilha com o leitor suas descobertas e as verdades que s\u00f3 no Livro Milenar conseguimos encontrar. <br \/>\nEste \u00e9 um livro para estudar, comentar, debater e pensar. Escrito para que voc\u00ea tenha um encontro pessoal com o Deus das Escrituras, o \u00fanico que pode esclarecer as suas d\u00favidas e dar as respostas que voc\u00ea precisa.<\/p>\n","protected":false},"excerpt":{"rendered":"<p>Neste livro, Esdras Savioli, por meio de um interessante texto repleto de coment\u00e1rios, destrincha assuntos e t\u00f3picos que muitos acreditam&hellip;<\/p>\n","protected":false},"featured_media":347945,"comment_status":"open","ping_status":"closed","template":"","meta":[],"product_cat":[143,142],"product_tag":[],"_links":{"self":[{"href":"https:\/\/www.livrariarema.com.br\/loja\/wp-json\/wp\/v2\/product\/151834"}],"collection":[{"href":"https:\/\/www.livrariarema.com.br\/loja\/wp-json\/wp\/v2\/product"}],"about":[{"href":"https:\/\/www.livrariarema.com.br\/loja\/wp-json\/wp\/v2\/types\/product"}],"replies":[{"embeddable":true,"href":"https:\/\/www.livrariarema.com.br\/loja\/wp-json\/wp\/v2\/comments?post=151834"}],"wp:featuredmedia":[{"embeddable":true,"href":"https:\/\/www.livrariarema.com.br\/loja\/wp-json\/wp\/v2\/media\/347945"}],"wp:attachment":[{"href":"https:\/\/www.livrariarema.com.br\/loja\/wp-json\/wp\/v2\/media?parent=151834"}],"wp:term":[{"taxonomy":"product_cat","embeddable":true,"href":"https:\/\/www.livrariarema.com.br\/loja\/wp-json\/wp\/v2\/product_cat?post=151834"},{"taxonomy":"product_tag","embeddable":true,"href":"https:\/\/www.livrariarema.com.br\/loja\/wp-json\/wp\/v2\/product_tag?post=151834"}],"curies":[{"name":"wp","href":"https:\/\/api.w.org\/{rel}","templated":true}]}}