{"id":152776,"date":"2022-04-06T09:37:25","date_gmt":"2022-04-06T12:37:25","guid":{"rendered":"https:\/\/www.livrariarema.com.br\/loja\/produtos\/sem%20categoria\/kit-transparente-caderno-disco-brw-6-divisorias-e-2-sub-capas\/"},"modified":"2026-01-15T11:18:26","modified_gmt":"2026-01-15T14:18:26","slug":"kit-transparente-caderno-disco-brw-6-divisorias-e-2-sub-capas","status":"publish","type":"product","link":"https:\/\/www.livrariarema.com.br\/loja\/produtos\/promocao\/papelaria-promocao\/kit-transparente-caderno-disco-brw-6-divisorias-e-2-sub-capas\/","title":{"rendered":"Kit Divis\u00f3rias &#8211; Caderno Disco &#8211; Brw &#8211; Transparente &#8211; 6 Divis\u00f3rias E 2 Sub Capas"},"content":{"rendered":"<p>Kit de divis\u00f3rias e subcapas<br \/>\n<Br><br \/>\n6 divis\u00f3rias &#8211; 23,2 x 18,5cm e <br \/>\n2 subcapas  &#8211; 24,3 x 19,0cm <\/p>\n","protected":false},"excerpt":{"rendered":"<p>Kit de divis\u00f3rias e subcapas 6 divis\u00f3rias &#8211; 23,2 x 18,5cm e 2 subcapas &#8211; 24,3 x 19,0cm<\/p>\n","protected":false},"featured_media":342885,"comment_status":"open","ping_status":"closed","template":"","meta":[],"product_cat":[307,142],"product_tag":[],"_links":{"self":[{"href":"https:\/\/www.livrariarema.com.br\/loja\/wp-json\/wp\/v2\/product\/152776"}],"collection":[{"href":"https:\/\/www.livrariarema.com.br\/loja\/wp-json\/wp\/v2\/product"}],"about":[{"href":"https:\/\/www.livrariarema.com.br\/loja\/wp-json\/wp\/v2\/types\/product"}],"replies":[{"embeddable":true,"href":"https:\/\/www.livrariarema.com.br\/loja\/wp-json\/wp\/v2\/comments?post=152776"}],"wp:featuredmedia":[{"embeddable":true,"href":"https:\/\/www.livrariarema.com.br\/loja\/wp-json\/wp\/v2\/media\/342885"}],"wp:attachment":[{"href":"https:\/\/www.livrariarema.com.br\/loja\/wp-json\/wp\/v2\/media?parent=152776"}],"wp:term":[{"taxonomy":"product_cat","embeddable":true,"href":"https:\/\/www.livrariarema.com.br\/loja\/wp-json\/wp\/v2\/product_cat?post=152776"},{"taxonomy":"product_tag","embeddable":true,"href":"https:\/\/www.livrariarema.com.br\/loja\/wp-json\/wp\/v2\/product_tag?post=152776"}],"curies":[{"name":"wp","href":"https:\/\/api.w.org\/{rel}","templated":true}]}}