{"id":156333,"date":"2022-04-25T10:13:38","date_gmt":"2022-04-25T13:13:38","guid":{"rendered":"https:\/\/www.livrariarema.com.br\/loja\/produtos\/sem%20categoria\/serie-teologia-biblica-do-caos-ao-cosmo-da-criacao-a-nova-criacao-sidney-greidanus\/"},"modified":"2026-02-20T13:44:15","modified_gmt":"2026-02-20T16:44:15","slug":"serie-teologia-biblica-do-caos-ao-cosmo-da-criacao-a-nova-criacao-sidney-greidanus","status":"publish","type":"product","link":"https:\/\/www.livrariarema.com.br\/loja\/produtos\/livros\/teologia\/serie-teologia-biblica-do-caos-ao-cosmo-da-criacao-a-nova-criacao-sidney-greidanus\/","title":{"rendered":"S\u00e9rie Teologia B\u00edblica &#8211; Do Caos Ao Cosmo: Da Cria\u00e7\u00e3o \u00c0 Nova Cria\u00e7\u00e3o &#8211; Sidney Greidanus"},"content":{"rendered":"<p>&#8220;Eu formo a luz e crio as trevas; Eu fa\u00e7o bem-estar e crio calamidade; Eu sou o Senhor, que fa\u00e7o todas essas coisas&#8221;. Isa\u00edas 45:7<\/p>\n<p>Quando Deus criou o mundo, ele trouxe ordem perfeita do que era &#8220;sem forma e vazio&#8221;. Mas com a rebeli\u00e3o humana contra Deus levando \u00e0 maldi\u00e7\u00e3o de Deus, a desordem foi introduzida na cria\u00e7\u00e3o &#8211; desordem que ainda vemos ao nosso redor hoje. Tra\u00e7ando o tema do caos ao cosmo de G\u00eanesis 1 a Apocalipse 22, o pastor e acad\u00eamico Sidney Greidanus revela como Deus est\u00e1 restaurando sua cria\u00e7\u00e3o atrav\u00e9s de Jesus Cristo, que j\u00e1 come\u00e7ou a iluminar as trevas e um dia retornar\u00e1 para trazer paz, ordem, e restaura\u00e7\u00e3o de uma vez por todas.<\/p>\n","protected":false},"excerpt":{"rendered":"<p>&#8220;Eu formo a luz e crio as trevas; Eu fa\u00e7o bem-estar e crio calamidade; Eu sou o Senhor, que fa\u00e7o&hellip;<\/p>\n","protected":false},"featured_media":345128,"comment_status":"open","ping_status":"closed","template":"","meta":[],"product_cat":[134,136],"product_tag":[],"_links":{"self":[{"href":"https:\/\/www.livrariarema.com.br\/loja\/wp-json\/wp\/v2\/product\/156333"}],"collection":[{"href":"https:\/\/www.livrariarema.com.br\/loja\/wp-json\/wp\/v2\/product"}],"about":[{"href":"https:\/\/www.livrariarema.com.br\/loja\/wp-json\/wp\/v2\/types\/product"}],"replies":[{"embeddable":true,"href":"https:\/\/www.livrariarema.com.br\/loja\/wp-json\/wp\/v2\/comments?post=156333"}],"wp:featuredmedia":[{"embeddable":true,"href":"https:\/\/www.livrariarema.com.br\/loja\/wp-json\/wp\/v2\/media\/345128"}],"wp:attachment":[{"href":"https:\/\/www.livrariarema.com.br\/loja\/wp-json\/wp\/v2\/media?parent=156333"}],"wp:term":[{"taxonomy":"product_cat","embeddable":true,"href":"https:\/\/www.livrariarema.com.br\/loja\/wp-json\/wp\/v2\/product_cat?post=156333"},{"taxonomy":"product_tag","embeddable":true,"href":"https:\/\/www.livrariarema.com.br\/loja\/wp-json\/wp\/v2\/product_tag?post=156333"}],"curies":[{"name":"wp","href":"https:\/\/api.w.org\/{rel}","templated":true}]}}